{"id":1186,"date":"2020-07-20T10:44:40","date_gmt":"2020-07-20T10:44:40","guid":{"rendered":"https:\/\/magiccarpets.at\/home"},"modified":"2021-11-02T09:46:38","modified_gmt":"2021-11-02T09:46:38","slug":"home","status":"publish","type":"page","link":"https:\/\/magiccarpets.at\/de","title":{"rendered":"Home"},"content":{"rendered":"<p>[et_pb_section fb_built=&#8220;1&#8243; admin_label=&#8220;section&#8220; _builder_version=&#8220;4.5.1&#8243; background_color=&#8220;#2a0f52&#8243; use_background_color_gradient=&#8220;on&#8220; background_color_gradient_start=&#8220;rgba(0,0,0,0)&#8220; background_color_gradient_end=&#8220;#000000&#8243; background_image=&#8220;https:\/\/magiccarpets.at\/wp-content\/uploads\/2020\/07\/magic_carpet_pic_1.jpg&#8220; background_blend=&#8220;multiply&#8220; background_last_edited=&#8220;on|phone&#8220; background_enable_color_phone=&#8220;off&#8220; use_background_color_gradient_phone=&#8220;off&#8220; custom_css_main_element=&#8220;min-height: 50vh;||display: flex;||flex-direction: column;&#8220; locked=&#8220;off&#8220;][et_pb_row disabled_on=&#8220;on|off|off&#8220; _builder_version=&#8220;4.5.1&#8243; max_width=&#8220;100%&#8220; custom_margin=&#8220;||||false|false&#8220; custom_padding=&#8220;300px||0px||false|false&#8220; locked=&#8220;off&#8220;][et_pb_column type=&#8220;4_4&#8243; _builder_version=&#8220;4.4.9&#8243;][et_pb_text _builder_version=&#8220;4.5.1&#8243; text_font=&#8220;|300|||||||&#8220; text_text_color=&#8220;#ffffff&#8220; text_font_size=&#8220;25px&#8220; text_line_height=&#8220;35px&#8220; header_line_height=&#8220;1.5em&#8220; header_font_size_tablet=&#8220;20px&#8220; header_font_size_phone=&#8220;&#8220; header_font_size_last_edited=&#8220;on|phone&#8220;]<\/p>\n<p><em>&#8222;Magic Carpets&#8220;<\/em> is a &#8222;Creative Europe&#8220; platform uniting 15 European cultural organisations that create opportunities for emerging artists to embark on international journeys and to create, together with local artists and local communities, new works that highlight local specificities and compensate for the shortage of story-telling existing in modern society by enhancing cultural accessibility, cultural activism and participation&#8230;<\/p>\n<p>[\/et_pb_text][\/et_pb_column][\/et_pb_row][\/et_pb_section][et_pb_section fb_built=&#8220;1&#8243; disabled_on=&#8220;off|on|on&#8220; _builder_version=&#8220;4.5.1&#8243; _module_preset=&#8220;default&#8220;][et_pb_row _builder_version=&#8220;4.5.1&#8243; _module_preset=&#8220;default&#8220;][et_pb_column type=&#8220;4_4&#8243; _builder_version=&#8220;4.5.1&#8243; _module_preset=&#8220;default&#8220;][et_pb_text _builder_version=&#8220;4.5.1&#8243; text_font=&#8220;|300|||||||&#8220; text_text_color=&#8220;#000000&#8243; text_font_size=&#8220;25px&#8220; text_line_height=&#8220;35px&#8220; header_line_height=&#8220;1.5em&#8220; header_font_size_tablet=&#8220;20px&#8220; header_font_size_phone=&#8220;&#8220; header_font_size_last_edited=&#8220;on|phone&#8220; locked=&#8220;off&#8220;]<\/p>\n<p><em>&#8222;Magic Carpets&#8220;<\/em> is a &#8222;Creative Europe&#8220; platform uniting 15 European cultural organisations that create opportunities for emerging artists to embark on international journeys and to create, together with local artists and local communities, new works that highlight local specificities and compensate for the shortage of story-telling existing in modern society by enhancing cultural accessibility, cultural activism and participation.<\/p>\n<p>[\/et_pb_text][\/et_pb_column][\/et_pb_row][\/et_pb_section][et_pb_section fb_built=&#8220;1&#8243; custom_padding_last_edited=&#8220;on|phone&#8220; disabled_on=&#8220;off|off|off&#8220; _builder_version=&#8220;4.5.1&#8243; custom_padding=&#8220;||0px||false|false&#8220; custom_padding_tablet=&#8220;&#8220; custom_padding_phone=&#8220;0px||||false|false&#8220;][et_pb_row use_custom_gutter=&#8220;on&#8220; gutter_width=&#8220;1&#8243; make_equal=&#8220;on&#8220; _builder_version=&#8220;4.5.1&#8243; background_enable_color=&#8220;off&#8220; width=&#8220;100%&#8220; max_width=&#8220;100%&#8220; custom_padding=&#8220;0px||0px|||&#8220;][et_pb_column type=&#8220;4_4&#8243; _builder_version=&#8220;4.4.9&#8243;][et_pb_post_slider posts_number=&#8220;5&#8243; include_categories=&#8220;12,28&#8243; more_text=&#8220;mehr lesen&#8220; excerpt_length=&#8220;200&#8243; show_meta=&#8220;off&#8220; use_bg_overlay=&#8220;off&#8220; dot_nav_custom_color=&#8220;#000000&#8243; disabled_on=&#8220;on|off|off&#8220; module_id=&#8220;fb-post-slider&#8220; _builder_version=&#8220;4.6.6&#8243; header_level=&#8220;h1&#8243; header_font=&#8220;||||||||&#8220; header_text_color=&#8220;#000000&#8243; header_font_size=&#8220;65px&#8220; body_font=&#8220;|300|||||||&#8220; body_text_color=&#8220;#000000&#8243; background_color=&#8220;#ffffff&#8220; custom_button=&#8220;on&#8220; button_text_size=&#8220;18px&#8220; button_text_color=&#8220;#000000&#8243; button_border_width=&#8220;0px&#8220; button_border_radius=&#8220;0px&#8220; button_on_hover=&#8220;off&#8220; button_alignment=&#8220;left&#8220; button_custom_padding=&#8220;|0px||0px|false|false&#8220; hover_enabled=&#8220;0&#8243; header_font_size_tablet=&#8220;45px&#8220; header_font_size_phone=&#8220;35px&#8220; header_font_size_last_edited=&#8220;on|phone&#8220; custom_css_slide_description=&#8220;width: 50%;||min-width: 300px;||float:left;||padding: 8% 0px 8% 10.5%!important;||text-align: left;||text-shadow: 0 1px 3px rgba(0,0,0,0);||-webkit-transition: height 0.4s ease;||-moz-transition: height 0.4s ease;||-o-transition: height 0.4s ease;||transition: height 0.4s ease;&#8220; custom_css_slide_title=&#8220;text-shadow: 0 1px 3px rgba(0,0,0,0);||font-weight: 100!important;&#8220; custom_css_slide_controllers=&#8220;text-shadow: 0 1px 3px rgba(0,0,0,1);&#8220; custom_css_slide_arrows=&#8220;color: #ffffff!important;||background-color: rgba(0,0,0,.4);||font-weight: bold;||border-radius: 0;||-ms-transform: scale(1.2,2.5);||-webkit-transform: scale(1.2,2.5);||transform: scale(1.2,2.5);||padding-bottom: 2px;&#8220; locked=&#8220;off&#8220; button_bg_color__hover_enabled=&#8220;on|hover&#8220; button_bg_enable_color__hover=&#8220;on&#8220; button_text_color__hover_enabled=&#8220;on|hover&#8220; button_text_color__hover=&#8220;#ff0090&#8243; sticky_enabled=&#8220;0&#8243;][\/et_pb_post_slider][et_pb_post_slider posts_number=&#8220;4&#8243; include_categories=&#8220;12&#8243; more_text=&#8220;mehr lesen&#8220; excerpt_length=&#8220;100&#8243; show_meta=&#8220;off&#8220; image_placement=&#8220;top&#8220; use_bg_overlay=&#8220;off&#8220; dot_nav_custom_color=&#8220;#000000&#8243; disabled_on=&#8220;off|on|on&#8220; _builder_version=&#8220;4.6.3&#8243; header_level=&#8220;h1&#8243; header_font=&#8220;||||||||&#8220; header_text_align=&#8220;left&#8220; header_text_color=&#8220;#000000&#8243; header_font_size=&#8220;65px&#8220; body_font=&#8220;|300|||||||&#8220; body_text_color=&#8220;#000000&#8243; background_color=&#8220;#ffffff&#8220; custom_button=&#8220;on&#8220; button_text_size=&#8220;18px&#8220; button_text_color=&#8220;#000000&#8243; button_border_width=&#8220;0px&#8220; button_border_radius=&#8220;0px&#8220; button_on_hover=&#8220;off&#8220; button_custom_padding=&#8220;|0px||0px|false|false&#8220; text_orientation=&#8220;left&#8220; header_font_size_tablet=&#8220;45px&#8220; header_font_size_phone=&#8220;35px&#8220; header_font_size_last_edited=&#8220;on|phone&#8220; custom_css_slide_description=&#8220;text-shadow: 0 1px 3px rgba(0,0,0,.0);||line-height: 1.7em!important;&#8220; custom_css_slide_title=&#8220;font-weight: 100!important;||text-shadow: 0 1px 3px rgba(0,0,0,.0);&#8220; custom_css_slide_controllers=&#8220;text-shadow: 0 1px 3px rgba(0,0,0,1);&#8220; custom_css_slide_arrows=&#8220;color: #ffffff!important;||background-color: rgba(0,0,0,.4);||font-weight: bold;||border-radius: 0;||-ms-transform: scale(1.2,2.5);||-webkit-transform: scale(1.2,2.5);||transform: scale(1.2,2.5);||padding-bottom: 2px;&#8220; locked=&#8220;off&#8220; button_bg_color__hover_enabled=&#8220;on|hover&#8220; button_bg_color__hover=&#8220;&#8220; button_text_size__hover_enabled=&#8220;off|hover&#8220; button_text_color__hover_enabled=&#8220;on|hover&#8220; button_text_color__hover=&#8220;#ff0090&#8243;][\/et_pb_post_slider][\/et_pb_column][\/et_pb_row][\/et_pb_section][et_pb_section fb_built=&#8220;1&#8243; disabled_on=&#8220;off|off|off&#8220; _builder_version=&#8220;4.5.1&#8243; custom_margin=&#8220;||||false|false&#8220; custom_padding=&#8220;0px||0px||false|false&#8220;][et_pb_row disabled_on=&#8220;on|off|off&#8220; _builder_version=&#8220;4.5.1&#8243; transform_scale_tablet=&#8220;&#8220; transform_scale_phone=&#8220;&#8220; transform_scale_last_edited=&#8220;on|desktop&#8220; transform_scale_linked=&#8220;off&#8220; transform_translate=&#8220;0px|90px&#8220; transform_translate_tablet=&#8220;0px|60px&#8220; transform_translate_phone=&#8220;&#8220; transform_translate_last_edited=&#8220;on|tablet&#8220; transform_translate_linked=&#8220;off&#8220; transform_rotate_tablet=&#8220;&#8220; transform_rotate_phone=&#8220;&#8220; transform_rotate_last_edited=&#8220;on|desktop&#8220; transform_skew_tablet=&#8220;&#8220; transform_skew_phone=&#8220;&#8220; transform_skew_last_edited=&#8220;on|desktop&#8220; transform_origin_tablet=&#8220;&#8220; transform_origin_phone=&#8220;&#8220; transform_origin_last_edited=&#8220;on|desktop&#8220; transform_styles_last_edited=&#8220;on|tablet&#8220; z_index=&#8220;17&#8243; width=&#8220;33.5%&#8220; max_width=&#8220;100%&#8220; module_alignment=&#8220;right&#8220; custom_padding=&#8220;||0px|||&#8220; transform_styles_tablet=&#8220;&#8220; transform_styles_phone=&#8220;&#8220; locked=&#8220;off&#8220;][et_pb_column type=&#8220;4_4&#8243; _builder_version=&#8220;4.4.9&#8243;][et_pb_text _builder_version=&#8220;4.6.3&#8243; text_font=&#8220;|||on|||||&#8220; text_text_color=&#8220;#000000&#8243; text_font_size=&#8220;20px&#8220; header_2_font=&#8220;||||||||&#8220; header_3_font=&#8220;|700||on|||||&#8220; transform_translate=&#8220;0px|-8px&#8220; transform_translate_linked=&#8220;off&#8220;]Aktuelles[\/et_pb_text][\/et_pb_column][\/et_pb_row][et_pb_row use_custom_gutter=&#8220;on&#8220; gutter_width=&#8220;1&#8243; make_equal=&#8220;on&#8220; _builder_version=&#8220;4.4.9&#8243; background_enable_color=&#8220;off&#8220; width=&#8220;100%&#8220; max_width=&#8220;100%&#8220; custom_padding=&#8220;0px||0px|||&#8220;][et_pb_column type=&#8220;4_4&#8243; _builder_version=&#8220;4.4.9&#8243;][et_pb_post_slider posts_number=&#8220;4&#8243; include_categories=&#8220;3&#8243; more_text=&#8220;mehr lesen&#8220; excerpt_length=&#8220;150&#8243; show_meta=&#8220;off&#8220; use_bg_overlay=&#8220;off&#8220; dot_nav_custom_color=&#8220;#ffffff&#8220; disabled_on=&#8220;on|off|off&#8220; module_id=&#8220;fb-post-slider-right&#8220; _builder_version=&#8220;4.6.3&#8243; header_level=&#8220;h1&#8243; header_font=&#8220;||||||||&#8220; header_text_color=&#8220;#000000&#8243; header_font_size=&#8220;65px&#8220; body_font=&#8220;|300|||||||&#8220; body_text_color=&#8220;#000000&#8243; background_color=&#8220;#eeddd9&#8243; custom_button=&#8220;on&#8220; button_text_size=&#8220;18px&#8220; button_text_color=&#8220;#000000&#8243; button_border_width=&#8220;0px&#8220; button_border_radius=&#8220;0px&#8220; button_on_hover=&#8220;off&#8220; button_custom_padding=&#8220;|0px||0px|false|false&#8220; header_font_size_tablet=&#8220;45px&#8220; header_font_size_phone=&#8220;35px&#8220; header_font_size_last_edited=&#8220;on|phone&#8220; custom_css_slide_description=&#8220;width: 40%;||min-width: 300px;||float:right;||padding: 8% 0px 8% 10.5%!important;||text-align: left;||text-shadow: 0 1px 3px rgba(0,0,0,0);||-webkit-transition: height 0.4s ease;||-moz-transition: height 0.4s ease;||-o-transition: height 0.4s ease;||transition: height 0.4s ease;&#8220; custom_css_slide_title=&#8220;text-shadow: 0 1px 3px rgba(0,0,0,0);||font-weight: 100!important;&#8220; custom_css_slide_controllers=&#8220;text-shadow: 0 1px 3px rgba(0,0,0,1);&#8220; custom_css_slide_arrows=&#8220;color: #ffffff!important;||background-color: rgba(0,0,0,.4);||font-weight: bold;||border-radius: 0;||-ms-transform: scale(1.2,2.5);||-webkit-transform: scale(1.2,2.5);||transform: scale(1.2,2.5);||padding-bottom: 2px;&#8220; button_bg_color__hover_enabled=&#8220;on|hover&#8220; button_bg_color__hover=&#8220;&#8220; button_text_color__hover_enabled=&#8220;on|hover&#8220; button_text_color__hover=&#8220;#ff0090&#8243; custom_css_slide_description_last_edited=&#8220;on|tablet&#8220; custom_css_slide_description_tablet=&#8220; width: 34%;||    min-width: 0px;||    float: right;||    padding: 8% 2% 8% 0%!important;||    text-align: left;||    text-shadow: 0 1px 3px rgba(0,0,0,0);||    -webkit-transition: height 0.4s ease;||    -moz-transition: height 0.4s ease;||    -o-transition: height 0.4s ease;||    transition: height 0.4s ease;&#8220;][\/et_pb_post_slider][et_pb_text disabled_on=&#8220;off|on|on&#8220; _builder_version=&#8220;4.6.3&#8243; text_font=&#8220;|||on|||||&#8220; text_text_color=&#8220;#000000&#8243; text_font_size=&#8220;20px&#8220; header_2_font=&#8220;||||||||&#8220; header_3_font=&#8220;|700||on|||||&#8220; transform_translate=&#8220;0px|45px&#8220; transform_translate_linked=&#8220;off&#8220; z_index=&#8220;1&#8243; width=&#8220;80%&#8220; max_width=&#8220;100%&#8220; module_alignment=&#8220;center&#8220; locked=&#8220;off&#8220;]Aktuelles[\/et_pb_text][et_pb_post_slider posts_number=&#8220;4&#8243; include_categories=&#8220;3&#8243; more_text=&#8220;mehr lesen&#8220; excerpt_length=&#8220;100&#8243; show_meta=&#8220;off&#8220; image_placement=&#8220;top&#8220; use_bg_overlay=&#8220;off&#8220; dot_nav_custom_color=&#8220;#000000&#8243; disabled_on=&#8220;off|on|on&#8220; _builder_version=&#8220;4.6.3&#8243; header_level=&#8220;h1&#8243; header_font=&#8220;||||||||&#8220; header_text_align=&#8220;left&#8220; header_text_color=&#8220;#000000&#8243; header_font_size=&#8220;65px&#8220; body_font=&#8220;|300|||||||&#8220; body_text_color=&#8220;#000000&#8243; background_color=&#8220;#eeddd9&#8243; custom_button=&#8220;on&#8220; button_text_size=&#8220;18px&#8220; button_text_color=&#8220;#000000&#8243; button_border_width=&#8220;0px&#8220; button_border_radius=&#8220;0px&#8220; button_on_hover=&#8220;off&#8220; button_custom_padding=&#8220;|0px||0px|false|false&#8220; text_orientation=&#8220;left&#8220; header_font_size_tablet=&#8220;45px&#8220; header_font_size_phone=&#8220;35px&#8220; header_font_size_last_edited=&#8220;on|phone&#8220; custom_css_slide_description=&#8220;text-shadow: 0 1px 3px rgba(0,0,0,.0);||line-height: 1.7em!important;&#8220; custom_css_slide_title=&#8220;font-weight: 100!important;||text-shadow: 0 1px 3px rgba(0,0,0,.0);&#8220; custom_css_slide_controllers=&#8220;text-shadow: 0 1px 3px rgba(0,0,0,1);&#8220; custom_css_slide_arrows=&#8220;color: #ffffff!important;||background-color: rgba(0,0,0,.4);||font-weight: bold;||border-radius: 0;||-ms-transform: scale(1.2,2.5);||-webkit-transform: scale(1.2,2.5);||transform: scale(1.2,2.5);||padding-bottom: 2px;&#8220; button_bg_color__hover_enabled=&#8220;on|hover&#8220; button_bg_color__hover=&#8220;&#8220; button_text_size__hover_enabled=&#8220;off|hover&#8220; button_text_color__hover_enabled=&#8220;on|hover&#8220; button_text_color__hover=&#8220;#ff0090&#8243;][\/et_pb_post_slider][\/et_pb_column][\/et_pb_row][\/et_pb_section][et_pb_section fb_built=&#8220;1&#8243; disabled_on=&#8220;off|off|off&#8220; _builder_version=&#8220;4.5.1&#8243; custom_padding=&#8220;0px||0px||false|false&#8220;][et_pb_row disabled_on=&#8220;on|off|off&#8220; _builder_version=&#8220;4.5.1&#8243; transform_scale_tablet=&#8220;&#8220; transform_scale_phone=&#8220;&#8220; transform_scale_last_edited=&#8220;on|desktop&#8220; transform_scale_linked=&#8220;off&#8220; transform_translate=&#8220;0px|90px&#8220; transform_translate_tablet=&#8220;0px|40px&#8220; transform_translate_phone=&#8220;&#8220; transform_translate_last_edited=&#8220;on|tablet&#8220; transform_translate_linked=&#8220;off&#8220; transform_rotate_tablet=&#8220;&#8220; transform_rotate_phone=&#8220;&#8220; transform_rotate_last_edited=&#8220;on|desktop&#8220; transform_skew_tablet=&#8220;&#8220; transform_skew_phone=&#8220;&#8220; transform_skew_last_edited=&#8220;on|desktop&#8220; transform_origin_tablet=&#8220;&#8220; transform_origin_phone=&#8220;&#8220; transform_origin_last_edited=&#8220;on|desktop&#8220; transform_styles_last_edited=&#8220;on|tablet&#8220; z_index=&#8220;17&#8243; max_width=&#8220;100%&#8220; custom_padding=&#8220;||0px|||&#8220; transform_styles_tablet=&#8220;&#8220; transform_styles_phone=&#8220;&#8220; locked=&#8220;off&#8220;][et_pb_column type=&#8220;4_4&#8243; _builder_version=&#8220;4.4.9&#8243;][et_pb_text _builder_version=&#8220;4.6.3&#8243; text_font=&#8220;|||on|||||&#8220; text_text_color=&#8220;#000000&#8243; text_font_size=&#8220;20px&#8220; header_2_font=&#8220;||||||||&#8220; header_3_font=&#8220;|700||on|||||&#8220; transform_translate=&#8220;0px|-8px&#8220; transform_translate_linked=&#8220;off&#8220;]<\/p>\n<p>K\u00fcnstler<\/p>\n<p>[\/et_pb_text][\/et_pb_column][\/et_pb_row][et_pb_row use_custom_gutter=&#8220;on&#8220; gutter_width=&#8220;1&#8243; make_equal=&#8220;on&#8220; _builder_version=&#8220;4.4.9&#8243; background_enable_color=&#8220;off&#8220; width=&#8220;100%&#8220; max_width=&#8220;100%&#8220; custom_padding=&#8220;0px||0px|||&#8220;][et_pb_column type=&#8220;4_4&#8243; _builder_version=&#8220;4.4.9&#8243;][et_pb_post_slider posts_number=&#8220;5&#8243; include_categories=&#8220;54&#8243; more_text=&#8220;mehr lesen&#8220; excerpt_length=&#8220;100&#8243; show_meta=&#8220;off&#8220; use_bg_overlay=&#8220;off&#8220; dot_nav_custom_color=&#8220;#000000&#8243; disabled_on=&#8220;on|off|off&#8220; module_id=&#8220;fb-post-slider&#8220; _builder_version=&#8220;4.6.3&#8243; header_level=&#8220;h1&#8243; header_font=&#8220;||||||||&#8220; header_text_color=&#8220;#000000&#8243; header_font_size=&#8220;65px&#8220; body_font=&#8220;|300|||||||&#8220; body_text_color=&#8220;#000000&#8243; background_color=&#8220;#ffffff&#8220; custom_button=&#8220;on&#8220; button_text_size=&#8220;18px&#8220; button_text_color=&#8220;#000000&#8243; button_border_width=&#8220;0px&#8220; button_border_radius=&#8220;0px&#8220; button_on_hover=&#8220;off&#8220; button_alignment=&#8220;left&#8220; button_custom_padding=&#8220;|0px||0px|false|false&#8220; header_font_size_tablet=&#8220;45px&#8220; header_font_size_phone=&#8220;35px&#8220; header_font_size_last_edited=&#8220;on|phone&#8220; custom_css_slide_description=&#8220;width: 50%;||min-width: 300px;||float:left;||padding: 8% 0px 8% 10.5%!important;||text-align: left;||text-shadow: 0 1px 3px rgba(0,0,0,0);||-webkit-transition: height 0.4s ease;||-moz-transition: height 0.4s ease;||-o-transition: height 0.4s ease;||transition: height 0.4s ease;&#8220; custom_css_slide_title=&#8220;text-shadow: 0 1px 3px rgba(0,0,0,0);||font-weight: 100!important;&#8220; custom_css_slide_controllers=&#8220;text-shadow: 0 1px 3px rgba(0,0,0,1);&#8220; custom_css_slide_arrows=&#8220;color: #ffffff!important;||background-color: rgba(0,0,0,.4);||font-weight: bold;||border-radius: 0;||-ms-transform: scale(1.2,2.5);||-webkit-transform: scale(1.2,2.5);||transform: scale(1.2,2.5);||padding-bottom: 2px;&#8220; button_bg_color__hover_enabled=&#8220;on|hover&#8220; button_bg_enable_color__hover=&#8220;on&#8220; button_text_color__hover_enabled=&#8220;on|hover&#8220; button_text_color__hover=&#8220;#ff0090&#8243;][\/et_pb_post_slider][et_pb_text disabled_on=&#8220;off|on|on&#8220; _builder_version=&#8220;4.6.3&#8243; text_font=&#8220;|||on|||||&#8220; text_text_color=&#8220;#000000&#8243; text_font_size=&#8220;20px&#8220; header_2_font=&#8220;||||||||&#8220; header_3_font=&#8220;|700||on|||||&#8220; transform_translate=&#8220;0px|25px&#8220; transform_translate_linked=&#8220;off&#8220; z_index=&#8220;1&#8243; width=&#8220;80%&#8220; max_width=&#8220;100%&#8220; module_alignment=&#8220;center&#8220; locked=&#8220;off&#8220;]<\/p>\n<p>K\u00fcnstler<\/p>\n<p>[\/et_pb_text][et_pb_post_slider posts_number=&#8220;5&#8243; include_categories=&#8220;54&#8243; more_text=&#8220;mehr lesen&#8220; excerpt_length=&#8220;100&#8243; show_meta=&#8220;off&#8220; image_placement=&#8220;top&#8220; use_bg_overlay=&#8220;off&#8220; dot_nav_custom_color=&#8220;#000000&#8243; disabled_on=&#8220;off|on|on&#8220; _builder_version=&#8220;4.6.3&#8243; header_level=&#8220;h1&#8243; header_font=&#8220;||||||||&#8220; header_text_align=&#8220;left&#8220; header_text_color=&#8220;#000000&#8243; header_font_size=&#8220;65px&#8220; body_font=&#8220;|300|||||||&#8220; body_text_color=&#8220;#000000&#8243; background_color=&#8220;#ffffff&#8220; custom_button=&#8220;on&#8220; button_text_size=&#8220;18px&#8220; button_text_color=&#8220;#000000&#8243; button_border_width=&#8220;0px&#8220; button_border_radius=&#8220;0px&#8220; button_on_hover=&#8220;off&#8220; button_custom_padding=&#8220;|0px||0px|false|false&#8220; text_orientation=&#8220;left&#8220; header_font_size_tablet=&#8220;45px&#8220; header_font_size_phone=&#8220;35px&#8220; header_font_size_last_edited=&#8220;on|phone&#8220; custom_css_slide_description=&#8220;text-shadow: 0 1px 3px rgba(0,0,0,.0);||line-height: 1.7em!important;&#8220; custom_css_slide_title=&#8220;font-weight: 100!important;||text-shadow: 0 1px 3px rgba(0,0,0,.0);&#8220; custom_css_slide_controllers=&#8220;text-shadow: 0 1px 3px rgba(0,0,0,1);&#8220; custom_css_slide_arrows=&#8220;color: #ffffff!important;||background-color: rgba(0,0,0,.4);||font-weight: bold;||border-radius: 0;||-ms-transform: scale(1.2,2.5);||-webkit-transform: scale(1.2,2.5);||transform: scale(1.2,2.5);||padding-bottom: 2px;&#8220; locked=&#8220;off&#8220; button_bg_color__hover_enabled=&#8220;on|hover&#8220; button_bg_color__hover=&#8220;&#8220; button_text_size__hover_enabled=&#8220;off|hover&#8220; button_text_color__hover_enabled=&#8220;on|hover&#8220; button_text_color__hover=&#8220;#ff0090&#8243;][\/et_pb_post_slider][\/et_pb_column][\/et_pb_row][\/et_pb_section][et_pb_section fb_built=&#8220;1&#8243; _builder_version=&#8220;4.5.1&#8243; background_enable_color=&#8220;off&#8220; custom_padding=&#8220;||||false|false&#8220;][et_pb_row _builder_version=&#8220;4.5.1&#8243; z_index=&#8220;17&#8243; max_width=&#8220;100%&#8220; custom_padding=&#8220;||0px|||&#8220; locked=&#8220;off&#8220;][et_pb_column type=&#8220;4_4&#8243; _builder_version=&#8220;4.4.9&#8243;][et_pb_text _builder_version=&#8220;4.6.3&#8243; text_font=&#8220;|||on|||||&#8220; text_text_color=&#8220;#000000&#8243; text_font_size=&#8220;20px&#8220; header_2_font=&#8220;||||||||&#8220; header_3_font=&#8220;|700||on|||||&#8220; transform_translate=&#8220;0px|-8px&#8220; transform_translate_linked=&#8220;off&#8220;]lokale Partner[\/et_pb_text][\/et_pb_column][\/et_pb_row][et_pb_row column_structure=&#8220;1_3,1_3,1_3&#8243; _builder_version=&#8220;4.4.9&#8243; max_width=&#8220;100%&#8220;][et_pb_column type=&#8220;1_3&#8243; _builder_version=&#8220;4.4.9&#8243;][et_pb_blurb title=&#8220;Heart of Noise Festival&#8220; image=&#8220;https:\/\/magiccarpets.at\/wp-content\/uploads\/2020\/09\/magic_carperts_honf_logo.jpg&#8220; content_max_width=&#8220;100%&#8220; _builder_version=&#8220;4.6.3&#8243; header_level=&#8220;h1&#8243; animation=&#8220;off&#8220;]<\/p>\n<p><strong>Heart of Noise<\/strong> sucht nach \u00e4sthetischen Regionen au\u00dferhalb des Kulturmainstreams und pr\u00e4sentiert dazu Impulse des aktuellen Musik- und Kunstgeschehens seid 10 Jahren! Ein festival dass als weit \u00fcber einen Konzertauff\u00fchrungsort hinaus wahrnehmbarer Ereignisraum gedacht ist, in dem der \u00f6ffentliche Raum der Stadt zu einem lebendigen Kunst- und Klangraum umgewidmet wird.<\/p>\n<p>[\/et_pb_blurb][\/et_pb_column][et_pb_column type=&#8220;1_3&#8243; _builder_version=&#8220;4.4.9&#8243;][et_pb_blurb title=&#8220;Grassmayr Glockengie\u00dferei Innsbruck&#8220; image=&#8220;https:\/\/magiccarpets.at\/wp-content\/uploads\/2020\/09\/magic_carperts_grassmayr_logo.jpg&#8220; content_max_width=&#8220;100%&#8220; _builder_version=&#8220;4.6.3&#8243; header_level=&#8220;h1&#8243; animation=&#8220;off&#8220;]<\/p>\n<p><strong>The Doing Group<\/strong> ist ein internationales Performance Kollektiv, das von sechs Theaterschaffenden gegr\u00fcndet wurde, die nun zwischen Gro\u00dfbritannien, Finnland, den USA, Deutschland, \u00d6sterreich und der Schweiz verteilt leben und arbeiten. Die gemeinsame Faszination am st\u00e4ndigen Hinterfragen durch performatives Schaffen bringt sie aus verschiedenen Hintergr\u00fcnden zusammen.<\/p>\n<p>[\/et_pb_blurb][\/et_pb_column][et_pb_column type=&#8220;1_3&#8243; _builder_version=&#8220;4.4.9&#8243;][et_pb_blurb title=&#8220;The Doing Group&#8220; image=&#8220;https:\/\/magiccarpets.at\/wp-content\/uploads\/2020\/09\/magic_carperts_tdg_logo.jpg&#8220; content_max_width=&#8220;100%&#8220; _builder_version=&#8220;4.6.3&#8243; header_level=&#8220;h1&#8243; animation=&#8220;off&#8220;]<\/p>\n<p>Seit dem Jahre 1599 werden von der <strong>Glockengie\u00dferei GRASSMAYR<\/strong> Glocken und Kunstwerke aus Bronze gegossen. f\u00fcr die ganze Welt. \u00dcber 400 Jahre pr\u00e4gt die geheimnisvolle Wirkung der Glockenmusik sowie die handwerkliche Kunst das \u00e4lteste \u00f6sterreichische Familienunternehmen GRASSMAYR.<\/p>\n<p>[\/et_pb_blurb][\/et_pb_column][\/et_pb_row][\/et_pb_section]<\/p>\n","protected":false},"excerpt":{"rendered":"<p>&#8222;Magic Carpets&#8220; is a &#8222;Creative Europe&#8220; platform uniting 15 European cultural organisations that create opportunities for emerging artists to embark on international journeys and to create, together with local artists [&hellip;]<\/p>\n","protected":false},"author":2,"featured_media":0,"parent":0,"menu_order":0,"comment_status":"closed","ping_status":"closed","template":"","meta":{"_acf_changed":false,"_et_pb_use_builder":"on","_et_pb_old_content":"","_et_gb_content_width":"","inline_featured_image":false,"footnotes":""},"class_list":["post-1186","page","type-page","status-publish","hentry"],"acf":[],"_links":{"self":[{"href":"https:\/\/magiccarpets.at\/de\/wp-json\/wp\/v2\/pages\/1186","targetHints":{"allow":["GET"]}}],"collection":[{"href":"https:\/\/magiccarpets.at\/de\/wp-json\/wp\/v2\/pages"}],"about":[{"href":"https:\/\/magiccarpets.at\/de\/wp-json\/wp\/v2\/types\/page"}],"author":[{"embeddable":true,"href":"https:\/\/magiccarpets.at\/de\/wp-json\/wp\/v2\/users\/2"}],"replies":[{"embeddable":true,"href":"https:\/\/magiccarpets.at\/de\/wp-json\/wp\/v2\/comments?post=1186"}],"version-history":[{"count":0,"href":"https:\/\/magiccarpets.at\/de\/wp-json\/wp\/v2\/pages\/1186\/revisions"}],"wp:attachment":[{"href":"https:\/\/magiccarpets.at\/de\/wp-json\/wp\/v2\/media?parent=1186"}],"curies":[{"name":"wp","href":"https:\/\/api.w.org\/{rel}","templated":true}]}}