{"id":2006,"date":"2020-09-20T19:14:23","date_gmt":"2020-09-20T19:14:23","guid":{"rendered":"https:\/\/magiccarpets.at\/?page_id=2006"},"modified":"2021-01-11T13:54:56","modified_gmt":"2021-01-11T13:54:56","slug":"prolog","status":"publish","type":"page","link":"https:\/\/magiccarpets.at\/de\/invisible-cities\/prolog","title":{"rendered":"Prolog"},"content":{"rendered":"<p class=\"p1\">Der Klangk\u00fcnstler Nicola di Croce aus Venedig erarbeitet gemeinsam mit lokalen K\u00fcnstler*innen die Klangwelten Innsbruck w\u00e4hrend Quarant\u00e4ne Zeiten. Im Versuch partizipative Methoden und kollaborative Prozesse zu entwickeln, machen sie die Vielfalt der klanglichen Realit\u00e4ten Innsbrucks in Zeiten einer globalen Pandemie h\u00f6rbar. Die gesammelten Feldaufnahmen werden mit Glocken als klangliche Orientierungspunkte kombiniert, um urbane Resonanzen zu erforschen und eine vielschichtige Klangkarte der Stadt als metaphorisches Inhaltsverzeichnis der Unsichtbaren St\u00e4dte Innsbrucks zu erstellen. Diese ortsspezifische mehrkanal Klangperformance wird in Zusammenarbeit mit der Innsbrucker Glockengie\u00dferei GRASSMAYER und openspace.innsbruck als Teil des Heart Of Noise Festivals realisiert und stellt den Prolog zum Projekt dar.<\/p>\n<p><a href=\"https:\/\/www.heartofnoise.at\/de\/2020\/line-up\/nicola-di-croce\/\">https:\/\/www.heartofnoise.at\/de\/2020\/line-up\/nicola-di-croce\/<\/a><\/p>\n<p>Das ganze Score Projekt mit 18 Beitr\u00e4gen ist hier zu sehen und h\u00f6ren:<\/p>\n<p><a href=\"https:\/\/magiccarpets-innsbruck.bandcamp.com\">https:\/\/magiccarpets-innsbruck.bandcamp.com<\/a><\/p>\n<p class=\"p1\">Mit Beitr\u00e4gen von: Milena Meller, Anna Lerchbaumer, Lucas Norer, Andreas Zissler, Lukas Moritz Wegscheider u.a<\/p>\n","protected":false},"excerpt":{"rendered":"<p>Der Klangk\u00fcnstler Nicola di Croce aus Venedig erarbeitet gemeinsam mit lokalen K\u00fcnstler*innen die Klangwelten Innsbruck w\u00e4hrend Quarant\u00e4ne Zeiten. Im Versuch partizipative Methoden und kollaborative Prozesse zu entwickeln, machen sie die [&hellip;]<\/p>\n","protected":false},"author":3,"featured_media":10819,"parent":3073,"menu_order":0,"comment_status":"closed","ping_status":"closed","template":"","meta":{"_acf_changed":false,"_et_pb_use_builder":"","_et_pb_old_content":"","_et_gb_content_width":"","inline_featured_image":false,"footnotes":""},"class_list":["post-2006","page","type-page","status-publish","has-post-thumbnail","hentry"],"acf":[],"_links":{"self":[{"href":"https:\/\/magiccarpets.at\/de\/wp-json\/wp\/v2\/pages\/2006","targetHints":{"allow":["GET"]}}],"collection":[{"href":"https:\/\/magiccarpets.at\/de\/wp-json\/wp\/v2\/pages"}],"about":[{"href":"https:\/\/magiccarpets.at\/de\/wp-json\/wp\/v2\/types\/page"}],"author":[{"embeddable":true,"href":"https:\/\/magiccarpets.at\/de\/wp-json\/wp\/v2\/users\/3"}],"replies":[{"embeddable":true,"href":"https:\/\/magiccarpets.at\/de\/wp-json\/wp\/v2\/comments?post=2006"}],"version-history":[{"count":0,"href":"https:\/\/magiccarpets.at\/de\/wp-json\/wp\/v2\/pages\/2006\/revisions"}],"up":[{"embeddable":true,"href":"https:\/\/magiccarpets.at\/de\/wp-json\/wp\/v2\/pages\/3073"}],"wp:featuredmedia":[{"embeddable":true,"href":"https:\/\/magiccarpets.at\/de\/wp-json\/wp\/v2\/media\/10819"}],"wp:attachment":[{"href":"https:\/\/magiccarpets.at\/de\/wp-json\/wp\/v2\/media?parent=2006"}],"curies":[{"name":"wp","href":"https:\/\/api.w.org\/{rel}","templated":true}]}}