{"id":2019,"date":"2020-09-20T19:25:24","date_gmt":"2020-09-20T19:25:24","guid":{"rendered":"https:\/\/magiccarpets.at\/?page_id=2019"},"modified":"2021-06-10T08:31:29","modified_gmt":"2021-06-10T08:31:29","slug":"epilog","status":"publish","type":"page","link":"https:\/\/magiccarpets.at\/de\/invisible-cities\/epilog","title":{"rendered":"Epilog"},"content":{"rendered":"<p class=\"p1\">Als Epilog des Projekts werden alle gesammelten Stadtbilder gemeinsam in Form einer mobilen Installation im \u00f6ffentlichen Raum in der Reichenau, dem Olympischen Dorf, Wilten und H\u00f6tting West ausgestellt. Als Teil der Premierentage Innsbruck, soll die mobile Installation dazu beitragen, die Wahrnehmung Innsbrucks durch kreative Aktivit\u00e4ten au\u00dferhalb des Stadtkerns zu dezentralisieren, und gleichzeitig auf die Vielfalt der Stadtbilder von UNSICHTBARE ST\u00c4DTE INNSBRUCK hinweisen. Ein pop-up Stadtmodell aus Pizzakartons beherbergt die Vielzahl an fantasievollen Stadtbildern, die zu kurzen Videos von K\u00fcnstlerinn Eleni Palles verarbeitet wurden. Diese kreativen Versionen von Innsbruck werden dabei r\u00e4umlich miteinander in einem Dialog gegen\u00fcbergestellt, um die Identit\u00e4t von Innsbruck diskursiv zu begreifen und gemeinsam zu verhandeln.<\/p>\n<p>Da diese Installation wegen dem lockdown und epidemiologischer Ma\u00dfnahmen nicht die M\u00f6glichkeit hatte, der \u00d6ffentlichkeit pr\u00e4sentiert zu werden im Jahr 2020, haben wir sie in das Magic Carpets Jahr 4 Projekt namens &#8222;Da!zwischen&#8220; mitgenommen.<\/p>\n<div><\/div>\n<div><\/div>\n<div>Zeitplan:<\/div>\n<div><\/div>\n<div class=\"o9v6fnle cxmmr5t8 oygrvhab hcukyx3x c1et5uql\">Dienstag 15.6.<br \/>\n12:00 \u2013 15:00 Olympisches Dorf: DDr. Karl Lugger Platz<br \/>\n16:00 \u2013 19:00 Wilten: Wiltener Platzl<\/div>\n<div class=\"o9v6fnle cxmmr5t8 oygrvhab hcukyx3x c1et5uql\">Mittwoch 16.6.<br \/>\n12:00 \u2013 15:00 H\u00f6tting West: Parkplatz vor Kolpinghaus<br \/>\n16:00 \u2013 19:00 Vorplatz Sillpark<\/div>\n<div class=\"o9v6fnle cxmmr5t8 oygrvhab hcukyx3x c1et5uql\">Donnerstag 17.6.<br \/>\n12:00 \u2013 15:00 Reichenau: Vorplatz Pauluskirche<br \/>\n16:00 \u2013 19:00 Marktplaz<\/div>\n","protected":false},"excerpt":{"rendered":"<p>Als Epilog des Projekts werden alle gesammelten Stadtbilder gemeinsam in Form einer mobilen Installation im \u00f6ffentlichen Raum in der Reichenau, dem Olympischen Dorf, Wilten und H\u00f6tting West ausgestellt. Als Teil [&hellip;]<\/p>\n","protected":false},"author":3,"featured_media":10901,"parent":3073,"menu_order":0,"comment_status":"closed","ping_status":"closed","template":"","meta":{"_acf_changed":false,"_et_pb_use_builder":"off","_et_pb_old_content":"","_et_gb_content_width":"","inline_featured_image":false,"footnotes":""},"class_list":["post-2019","page","type-page","status-publish","has-post-thumbnail","hentry"],"acf":[],"_links":{"self":[{"href":"https:\/\/magiccarpets.at\/de\/wp-json\/wp\/v2\/pages\/2019","targetHints":{"allow":["GET"]}}],"collection":[{"href":"https:\/\/magiccarpets.at\/de\/wp-json\/wp\/v2\/pages"}],"about":[{"href":"https:\/\/magiccarpets.at\/de\/wp-json\/wp\/v2\/types\/page"}],"author":[{"embeddable":true,"href":"https:\/\/magiccarpets.at\/de\/wp-json\/wp\/v2\/users\/3"}],"replies":[{"embeddable":true,"href":"https:\/\/magiccarpets.at\/de\/wp-json\/wp\/v2\/comments?post=2019"}],"version-history":[{"count":0,"href":"https:\/\/magiccarpets.at\/de\/wp-json\/wp\/v2\/pages\/2019\/revisions"}],"up":[{"embeddable":true,"href":"https:\/\/magiccarpets.at\/de\/wp-json\/wp\/v2\/pages\/3073"}],"wp:featuredmedia":[{"embeddable":true,"href":"https:\/\/magiccarpets.at\/de\/wp-json\/wp\/v2\/media\/10901"}],"wp:attachment":[{"href":"https:\/\/magiccarpets.at\/de\/wp-json\/wp\/v2\/media?parent=2019"}],"curies":[{"name":"wp","href":"https:\/\/api.w.org\/{rel}","templated":true}]}}