{"id":2024,"date":"2020-09-20T19:34:07","date_gmt":"2020-09-20T19:34:07","guid":{"rendered":"https:\/\/magiccarpets.at\/?page_id=2024"},"modified":"2020-09-28T14:11:09","modified_gmt":"2020-09-28T14:11:09","slug":"team-kontakt","status":"publish","type":"page","link":"https:\/\/magiccarpets.at\/de\/invisible-cities\/team-kontakt","title":{"rendered":"Team &#038; Kontakt"},"content":{"rendered":"<h3 class=\"p1\">Peter Lorenz<\/h3>\n<p class=\"p1\">arbeitete bereits w\u00e4hrend seinem Studium der angewandten Theaterwissenschaften in Glasgow als Regieassistent in Schauspiel und Oper (u.a. Scottish Opera, Vancouver Opera, Oper K\u00f6ln, Theater St. Gallen, Innsbrucker Festwochen der Alten Musik und Bayreuther Festspiele). Zudem entwickelte der junge Tiroler Regisseur und Theatermacher eigene Inszenierungen und experimentelle Performances in \u00d6sterreich, Deutschland, Gro\u00dfbritannien sowie Bosnien und Herzegowina, wo er 2012 das Street Arts Festival Mostar mitbegr\u00fcndete. Seine Arbeiten bewegen sich zwischen zeitgen\u00f6ssischem Theater, Klangperformances und r\u00e4umlichen Installationen. 2017 adaptierte er Elfriede Jelineks BAMBILAND als ein-Frau-Performance am James Arnott Theatre in Glasgow, und 2018 inszenierte er Gerhild Steinbuchs HERR MIT SONNENBRILLE am Theater diemonopol in Innsbruck, wo er auch seine Solo-Choreografie TIME DUST aus den Ruinen von Mostar f\u00fcr die \u00d6sterreich Premiere neu entwickelte. Zuletzt entwarf er die Kost\u00fcme und das B\u00fchnenbild f\u00fcr die Urauff\u00fchrung von Christian Spitzenstaetters Oper STILLHANG bei den Tiroler Festspielen in Erl, die mit dem \u00f6sterreichischen Musiktheaterpreis ausgezeichnet wurde. 2020 f\u00fchrte Peter Regie bei der Schottisch-Kanadischen Koproduktion MORAG YOU\u2019RE A LONG TIME DEID und erhielt ein Arbeitstipendium vom Land Tirol um ein neues Theaterst\u00fcck zu schreiben.<\/p>\n<p class=\"p1\"><a href=\"https:\/\/peterlorenz.at\"><span class=\"s1\">peterlorenz.at<\/span><\/a><\/p>\n<h3><\/h3>\n<h3>Nicola di Croce<\/h3>\n<p class=\"p1\">ist Architekt, Musiker, Klangk\u00fcnstler und Wissenschaftler, dessen Forschungen zwischen Stadtplanung und Sound Studies angesiedelt sind. Seine Auseinandersetzung richtet sich auf kollaborative und partizipatorische Ans\u00e4tze zur Analyse und Gestaltung neuer Stadtpolitiken. Er entwickelt praxisbezogene Techniken, indem er Methoden der Sound Studies mit Klangkunst verbindet. Nicolas Arbeit besteht aus aktivem und kritischem Zuh\u00f6ren urbaner Klangwelten, die ihm als Wissenstr\u00e4ger zum Verstehen st\u00e4dtischer Probleme und der Erforschung neuer Wege zur Regeneration, partizipatorischer Entscheidungsprozesse und lokaler Entwicklungen dienen. Er promovierte in Regionalplanung und Politik und ist derzeit Postdoktorand und Forschungsstipendiat an der Iuav-Universit\u00e4t in Venedig. F\u00fcr seine Residenz in Innsbruck wurde er von der Magic Carptes Partnerorganisation Latitudo Art Projects aus Rom vorgeschlagen.<\/p>\n<p class=\"p2\"><span class=\"s1\"><a href=\"https:\/\/nicoladicroce.cargo.site\/\">https:\/\/nicoladicroce.cargo.site\/<\/a><\/span><\/p>\n<p>&nbsp;<\/p>\n<h3 class=\"p1\">Philipp Schwaderer &amp; Jan Contala<\/h3>\n<p class=\"p1\">sind Architekturstudenten und Designer, sie leben und arbeiten in Innsbruck. Ihr Fachgebiet ist das experimentelle Generieren von Formen wobei sie sich auf neuartige Technologien spezialisiert haben. So erforschen sie m\u00f6gliche Anwendungsbereiche f\u00fcr Robotik in der Architektur und konzipieren k\u00fcnstlerische Installationen zu den Dialogen digital-analog und virtuell-real. Ihre Arbeiten wurden auf der Ars Elektronica 2018 und im F\u00f6rderungsprogramm Vorbrenner2020 des freien Theaters Innsbruck ausgestellt.<\/p>\n<p>&nbsp;<\/p>\n<h3 class=\"p1\">Stefan Rasberger<\/h3>\n<p class=\"p1\">&#8211;<b>\u00a0<\/b>Grafikdesigner und Fotograf, geboren 1981 in Rum, absolvierte die Werbe-Design-Akademie und studierte Kunstgeschichte (Mag.phil) in Innsbruck. Seit 2003 selbstst\u00e4ndig als Grafikdesigner t\u00e4tig. 2012 er\u00f6ffnet er zusammen mit seiner Frau Johanna ein kleines Grafikb\u00fcro mit den Schwerpunkten Buch-\/Kataloggestaltung und Piktogramm-entwicklung. Kleines Side project (auch gemeinsam mit Johanna): Der Foodblog <a href=\"https:\/\/republiknomnom.com\/\"><span class=\"s1\">republiknomnom.com<\/span><\/a>. Stefans gro\u00dfe Leidenschaft neben dem Grafikdesign liegt in der Architekturfotografie. K\u00fcnstlerische Fotoarbeiten findet man auf instagram: stadtbild.innsbruck<\/p>\n<p class=\"p2\"><span class=\"s2\"><a href=\"https:\/\/www.labsal.at\">www.labsal.at<\/a><\/span><\/p>\n<p>&nbsp;<\/p>\n<h3 class=\"p1\">Eleni Palles<\/h3>\n<p class=\"p1\">arbeitet mit Architekturb\u00fcros und Theatern zusammen, nimmt an Designwettbewerben teil, stellt ihre Werke aus, redigiert und gestaltet Drucksachen, ver\u00f6ffentlicht Texte in Zeitschriften und lehrt. Sie ist inspiriert von urbanen Stoffen, vagem Terrain, \u00dcbergangslandschaften, fr\u00fchen Maschinen, urbanen und sozialen Utopien. Im Mittelpunkt ihrer kreativen Praxis stehen Installationen mit starkem architektonischen Charakter. R\u00e4ume, in denen sich die Zeit verlangsamt und ver\u00e4ndert, so dass fiktionale und historische Erz\u00e4hlungen mit der eigenen Erfahrung und Erinnerung des Betrachters verschmelzen. Als Umgebungen beziehen sie den Betrachter sowohl physisch als auch psychisch ein und f\u00f6rdern Bewusstseinsverschiebungen durch die verg\u00e4ngliche Welten, die sie schaffen. Derzeit lehrt sie am Institut f\u00fcr Architekturtheorie der Universit\u00e4t Innsbruck, w\u00e4hrend sie an ihrem Doktorat arbeitet.<\/p>\n<p class=\"p1\"><a href=\"https:\/\/elenipalles.com\"><span class=\"s1\">https:\/\/elenipalles.com<\/span><\/a><\/p>\n<p>&nbsp;<\/p>\n<h3 class=\"p1\">ludwig technique<\/h3>\n<p class=\"p1\">(auch bekannt als Johannes Payr) ist crossmedialer Konzept- und Performancek\u00fcnstler. Er bezeichnet sich selbst als &#8222;medienagnostischer Universaldilettanten&#8220;, der im Allgemeinen in sehr unterschiedlichen Branchen arbeitet: von Softwareentwicklung \u00fcber ganz normale Baustellen bis hin zu Theaterproduktionen (sowohl auf als auch hinter der B\u00fchne). Eine Unterscheidung zwischen &#8222;Kunst&#8220; und &#8222;Arbeit&#8220; ist f\u00fcr ihn daher laut eigener Aussage &#8222;eigentlich nicht m\u00f6glich&#8220;, er bevorzugt einen ganzheitlichen Zugang zum Leben, dem Universum und dem ganzen Rest.Thematisch arbeitet er h\u00e4ufig mit Rekursiven Systemen (z.B. Feedbackschleifen), wie auch der menschliche K\u00f6rper und das Zentrale Nervensystem eines ist. Zur Zeit besch\u00e4ftigt er sich vor allem amit Handlung und Wahrnehmung im Kontext von R\u00e4umlichkeit und Gesellschaft. &#8222;F\u00fcr mich ist Kunst eine M\u00f6glichkeit, die Grenzen der kollektiven Wahrnehmung zu verschieben, und damit Ausdruck des menschlichen Forschungsdrangs, quasi Wissenschaft.&#8220;<\/p>\n<p class=\"p2\"><span class=\"s1\"><a href=\"https:\/\/www.ludwigtechnique.net\/bio\/\">https:\/\/www.ludwigtechnique.net\/<\/a><\/span><\/p>\n<p>&nbsp;<\/p>\n<h3 class=\"p1\">Danijela Oberhofer Tonkovi\u0107<\/h3>\n<p class=\"p1\">ist<b> <\/b>Kulturmanagerin, Produzentin und Kuratorin mit internationaler Erfahrung in interdisziplin\u00e4ren Kunst-Kultur Projekten. 2011 begr\u00fcndete sie die Zagreber Kreativagentur Lab 852 d.o.o mit dem Ziel Beratungs-, Management-, Produktions- und Werbedienstleistungen im Bereich Kultur anzubieten. Sie h\u00e4lt einen Universit\u00e4tsabschluss im Bereich Kulturtourismus und Nachhaltigkeit an der Universit\u00e4t Rijeka (Kroatien) und ein Diplom vom Institut f\u00fcr Kulturkonzepte in Wien im Kulturmanagement.\u00a0Zuvor arbeitete sie im Bereich Kultur Programm, Produktion und PR f\u00fcr verschieden Konzerth\u00e4user, Festivals und Institutionen wie MSU- Museum f\u00fcr Zeitgen\u00f6ssische Kunst, (Zagreb), Konzerthaus Tvornica Kulture (Zagreb),\u00a0 Plattenlabel &#8211; Dancing Bear Records (Warner Bros Records), als\u00a0 Herausgeberin des unabh\u00e4ngigen Kunst und Kultur Webportals <a href=\"https:\/\/never2much.info\/\"><span class=\"s1\">never2much.info<\/span><\/a>, sowie f\u00fcr s\u00e4mtliche Festivals wie La Locura Tango Festival Innsbruck, Donaufestival Krems, Terraneo Music Festival, Festival der kroatischen Musik in Wien u.a. Seit 2018 arbeitet sie f\u00fcr openspace.innsbruck mit ihrer langj\u00e4hrigen Erfahrung in EU-Kooperations Projekten an der internationalen Zusammenarbeit und Kuration des Magic Carpet Creative Europe Platform Projekts.<\/p>\n<p>&nbsp;<\/p>\n<h3 class=\"p1\">Charly Walter<\/h3>\n<p class=\"p1\">ist<b>\u00a0<\/b>Gr\u00fcnder und Gesch\u00e4ftsf\u00fchrer von Openspace.innsbruck, sowie\u00a0Vorsitzender des Vorstands des Premierentage Innsbruck &#8211; ein Festival f\u00fcr zeitgen\u00f6ssische Kunst in Innsbruck und Umgebung. Er ist bekannt f\u00fcr seine kreative Arbeit an der Schnittstelle zwischen Kunst, Design und Architektur, die ma\u00dfgeblich zur Entwicklung und Unterst\u00fctzung der lokalen Kulturszene beigetragen hat.<\/p>\n<p>&nbsp;<\/p>\n<h3 class=\"p1\">The Doing Group<\/h3>\n<p class=\"p1\">ist ein internationales Performance Kollektiv, das 2015 in Glasgow von sechs Theaterschaffenden gegr\u00fcndet wurde, die nun zwischen Gro\u00dfbritannien, Finnland, den USA, Deutschland, \u00d6sterreich und der Schweiz verteilt leben und arbeiten. Die gemeinsame Faszination am st\u00e4ndigen Hinterfragen durch performatives Schaffen bringt uns aus verschiedenen Hintergr\u00fcnden von Stra\u00dfentheater, Tanz, Clowning, Theaterwissenschaft, Oper, Devising, Dramaturgie, B\u00fchnenbild und Regie zusammen. So formen wir ein starkes Team mit vielseitigen F\u00e4higkeiten und Erfahrungen, das stets versucht, neue Performance-Formate zu entwickeln. Dabei haben wir uns bereits erfolgreich mit den Themen urbaner \u00d6kologie (Rain Is Liquid Sunshine, 2016-18), globaler Arbeit (Elsewheres, 2017), Mythos (A Home For Nessie, 2017), Energie ([un]physical things, 2017) und spekulativer Zukunft (Future Currents, 2018) auseinandergesetzt, die unter anderem im James Arnos Theatre, dem Centre for Contemporary Arts und Tramway in Glasgow sowie in Temporary in Helsinki pr\u00e4sentiert wurden.<\/p>\n<p class=\"p2\"><span class=\"s1\"><a href=\"https:\/\/thedoinggroup.com\">thedoinggroup.com<\/a><\/span><\/p>\n<p>&nbsp;<\/p>\n<h3 class=\"p1\">MAGIC CARPETS &#8211; CREATIVE EUROPE PLATFORM 2017-2021<\/h3>\n<p class=\"p1\">MAGIC CARPETS ist ein vierj\u00e4hriges internationales Programm zur F\u00f6rderung aufstrebender K\u00fcnstler*innen aller Sparten. Das Projekt wird im Rahmen von \u201eKreatives Europa\u201c der EU-Kommission unterst\u00fctzt und erm\u00f6glicht K\u00fcnstler*innen Auslandsaufenthalte in ganz Europa. Prim\u00e4res Ziel dieses \u201eArtist in Residence\u201c Programms ist die Etablierung einer Plattform zum Austausch von Talenten. Die zur Residency geladenen K\u00fcnstler*innen werden von den zahlreichen Partnerinstitutionen ins kulturelle Geschehen der jeweiligen Gaststadt involviert. Ihre Ideen und Expertise erm\u00f6glichen eine Synthese lokaler und globaler Perspektiven auf die Wirklichkeit. Die dabei entstehenden Kunstwerke werden zum Vehikel von Begegnung und Austausch, um aktuelle Diskurse anzutreiben.<\/p>\n<p class=\"p1\">Am Projekt Magic Carpets sind insgesamt 15 Kultur- und Kunsteinrichtungen aus EU-Mitgliedsl\u00e4ndern, sowie EU-Beitrittskandidaten beteiligt. \u00d6sterreich ist von der Initiative \u201eopenspace.innsbruck \u2013 Verein zur F\u00f6rderung der Alltagskultur\u201c seit 2018 im Projekt vertreten. Die internationalen Partnerinstitutionen sind: EVA International (Limerick, Irland), Folkestone Fringe (Folkestone, Gro\u00dfbritannien), Ideias Emergentes &#8211; Imerge (Porto, Portugal), LAB 852 (Zagreb,Kroatien), Latitudo S.r.l. (Rom, Italien), META Kulturstiftung (Bukarest, Rum\u00e4nien), Neues Theaterinstitut Lettlands (Riga, Lettland), Novo KulturnoNaselje (Novi Sad, Serbien), Prag Biennale (Prag, Tschechische Republik),\u00a0Tbilisi Photo\u00a0Festival (Tiflis, Georgien), KUNSTrePUBLIKe. V. \/ ZK \/ U (Berlin, Deutschland),\u00a0Jam Factory Art Center (Lviv, Ukraine), Trempolino (Nantes, Frankreich),\u00a0Kaunas Biennale (Kaunas, Litauen), openspace.uinnsbruck (Innsbruck, \u00d6sterreich).<\/p>\n<p class=\"p4\"><span class=\"s1\"><a href=\"https:\/\/magiccarpets.eu\/\">https:\/\/magiccarpets.eu\/<\/a><\/span><\/p>\n<p class=\"p4\"><span class=\"s1\"><a href=\"https:\/\/openspace-innsbruck.com\/\">https:\/\/openspace-innsbruck.com\/<\/a><\/span><\/p>\n<p>&nbsp;<\/p>\n<h2>Kontakt<\/h2>\n<p>Peter Lorenz<br \/>\nThe Doing Group<br \/>\narts@peterlorenz.at<br \/>\n+4368120171494<\/p>\n<p>Danijela Oberhofer Tonkovic<br \/>\nopenspace.innsbruck<br \/>\ndanijela.tonkovic@gmail.com<br \/>\n+436769418881<\/p>\n","protected":false},"excerpt":{"rendered":"<p>Peter Lorenz arbeitete bereits w\u00e4hrend seinem Studium der angewandten Theaterwissenschaften in Glasgow als Regieassistent in Schauspiel und Oper (u.a. Scottish Opera, Vancouver Opera, Oper K\u00f6ln, Theater St. Gallen, Innsbrucker Festwochen [&hellip;]<\/p>\n","protected":false},"author":3,"featured_media":4124,"parent":3073,"menu_order":0,"comment_status":"closed","ping_status":"closed","template":"","meta":{"_acf_changed":false,"_et_pb_use_builder":"","_et_pb_old_content":"","_et_gb_content_width":"","inline_featured_image":false,"footnotes":""},"class_list":["post-2024","page","type-page","status-publish","has-post-thumbnail","hentry"],"acf":[],"_links":{"self":[{"href":"https:\/\/magiccarpets.at\/de\/wp-json\/wp\/v2\/pages\/2024","targetHints":{"allow":["GET"]}}],"collection":[{"href":"https:\/\/magiccarpets.at\/de\/wp-json\/wp\/v2\/pages"}],"about":[{"href":"https:\/\/magiccarpets.at\/de\/wp-json\/wp\/v2\/types\/page"}],"author":[{"embeddable":true,"href":"https:\/\/magiccarpets.at\/de\/wp-json\/wp\/v2\/users\/3"}],"replies":[{"embeddable":true,"href":"https:\/\/magiccarpets.at\/de\/wp-json\/wp\/v2\/comments?post=2024"}],"version-history":[{"count":0,"href":"https:\/\/magiccarpets.at\/de\/wp-json\/wp\/v2\/pages\/2024\/revisions"}],"up":[{"embeddable":true,"href":"https:\/\/magiccarpets.at\/de\/wp-json\/wp\/v2\/pages\/3073"}],"wp:featuredmedia":[{"embeddable":true,"href":"https:\/\/magiccarpets.at\/de\/wp-json\/wp\/v2\/media\/4124"}],"wp:attachment":[{"href":"https:\/\/magiccarpets.at\/de\/wp-json\/wp\/v2\/media?parent=2024"}],"curies":[{"name":"wp","href":"https:\/\/api.w.org\/{rel}","templated":true}]}}