{"id":2030,"date":"2020-09-20T19:42:58","date_gmt":"2020-09-20T19:42:58","guid":{"rendered":"https:\/\/magiccarpets.at\/?page_id=2030"},"modified":"2020-09-23T10:23:35","modified_gmt":"2020-09-23T10:23:35","slug":"einleitung","status":"publish","type":"page","link":"https:\/\/magiccarpets.at\/de\/invisible-cities\/einleitung","title":{"rendered":"Einleitung"},"content":{"rendered":"<p>Willkommen zu Unsichtbare St\u00e4dte Innsbruck &#8211; eine Welt, die so vielf\u00e4ltig ist wie die Vorstellungskraft ihrer Bewohner*innen. Wir alle leben unsere eigenen Realit\u00e4ten von Innsbruck. Wie du die Stadt erlebst und sie dir vorstellen kannst, pr\u00e4gt deine individuelle Version von Innsbruck &#8211; es ist deine Unsichtbare Stadt. Die Summe all dieser Unsichtbaren St\u00e4dte zusammen, also das Zusammentreffen aller unterschiedlichen Lebensrealit\u00e4ten von Innsbrucks Bewohner*innen, macht die Stadt aus.<br \/>\nDieses prozessorientierte Performance Projekt versucht die Vielzahl an gelebten Perspektiven und unsichtbaren Stadtversionen von Innsbruck zu erforschen, dokumentieren und diskutieren.<\/p>\n","protected":false},"excerpt":{"rendered":"<p>Willkommen zu Unsichtbare St\u00e4dte Innsbruck &#8211; eine Welt, die so vielf\u00e4ltig ist wie die Vorstellungskraft ihrer Bewohner*innen. Wir alle leben unsere eigenen Realit\u00e4ten von Innsbruck. Wie du die Stadt erlebst [&hellip;]<\/p>\n","protected":false},"author":3,"featured_media":4128,"parent":3073,"menu_order":0,"comment_status":"closed","ping_status":"closed","template":"","meta":{"_acf_changed":false,"_et_pb_use_builder":"off","_et_pb_old_content":"","_et_gb_content_width":"","inline_featured_image":false,"footnotes":""},"class_list":["post-2030","page","type-page","status-publish","has-post-thumbnail","hentry"],"acf":[],"_links":{"self":[{"href":"https:\/\/magiccarpets.at\/de\/wp-json\/wp\/v2\/pages\/2030","targetHints":{"allow":["GET"]}}],"collection":[{"href":"https:\/\/magiccarpets.at\/de\/wp-json\/wp\/v2\/pages"}],"about":[{"href":"https:\/\/magiccarpets.at\/de\/wp-json\/wp\/v2\/types\/page"}],"author":[{"embeddable":true,"href":"https:\/\/magiccarpets.at\/de\/wp-json\/wp\/v2\/users\/3"}],"replies":[{"embeddable":true,"href":"https:\/\/magiccarpets.at\/de\/wp-json\/wp\/v2\/comments?post=2030"}],"version-history":[{"count":0,"href":"https:\/\/magiccarpets.at\/de\/wp-json\/wp\/v2\/pages\/2030\/revisions"}],"up":[{"embeddable":true,"href":"https:\/\/magiccarpets.at\/de\/wp-json\/wp\/v2\/pages\/3073"}],"wp:featuredmedia":[{"embeddable":true,"href":"https:\/\/magiccarpets.at\/de\/wp-json\/wp\/v2\/media\/4128"}],"wp:attachment":[{"href":"https:\/\/magiccarpets.at\/de\/wp-json\/wp\/v2\/media?parent=2030"}],"curies":[{"name":"wp","href":"https:\/\/api.w.org\/{rel}","templated":true}]}}