{"id":2271,"date":"2020-09-21T13:49:03","date_gmt":"2020-09-21T13:49:03","guid":{"rendered":"https:\/\/magiccarpets.at\/?page_id=2271"},"modified":"2020-12-15T13:31:41","modified_gmt":"2020-12-15T13:31:41","slug":"kapitel","status":"publish","type":"page","link":"https:\/\/magiccarpets.at\/de\/invisible-cities\/kapitel","title":{"rendered":"Kapitel"},"content":{"rendered":"<p>Wenn wir uns die Stadt Innsbruck als ein Buch vorstellen, repr\u00e4sentiert die Realit\u00e4t jedes*r Bewohners*in ein unabh\u00e4ngiges Kapitel. Das Sammeln dieser pers\u00f6nlichen Stadtbilder fordert das homogenisierte Narrativ Innsbrucks als sterile Altstadt f\u00fcr Touristen heraus und betont die Vielfalt, die in der Stadt steckt.<\/p>\n<p>Um in Zeiten der Pandemie diese Lebensrealit\u00e4ten zu sammeln, wird ein Pizzakarton mit einer digitalen und interaktiven Performance Maschine gef\u00fcllt. Diese Pizzakarton-Performance wird vom 28.9. &#8211; 4.10. auf telefonische Vorbestellung unter +4368120171494 unter Einhaltung aller Hygienevorschriften direkt zu dir nach Hause geliefert. So kann sozial engagierte Kunst weiterhin als systemrelevanter Lieferservice sogar im Falle einer weiteren Quarant\u00e4ne praktiziert werden.<\/p>\n<p>Innerhalb von 30-60 Minuten wirst du in die Welt der unsichtbaren St\u00e4dte Innsbrucks eingef\u00fchrt und angeleitet deine Fantasie zur kreativen Transformation der Stadt durch Beschreibung, Kl\u00e4nge und Formen zu nutzen. Bestelle deinen partizipative Performance jetzt zu dir nach Hause und nimm dein pers\u00f6nliches Stadtbild als ein Kapitel im metaphorischen Buch UNSICHTBARE ST\u00c4DTE INNSBRUCK auf.<\/p>\n<p>Alle erschaffenen Kapitel werden anschlie\u00dfend hier auf unserer Website ausgestellt und als Epilog in Form einer mobilen Installation vom 5. bis 7. November im \u00f6ffentlichen Raum als Teil der Premierentage Innsbruck gezeigt.<\/p>\n<h1 id=\"1\" style=\"padding-top: 60px;\">1. SILLBRUCK<\/h1>\n<p><iframe loading=\"lazy\" title=\"SILLBRUCK\" width=\"1080\" height=\"608\" src=\"https:\/\/www.youtube.com\/embed\/zC9xmUSyjro?feature=oembed\" frameborder=\"0\" allow=\"accelerometer; autoplay; clipboard-write; encrypted-media; gyroscope; picture-in-picture\" allowfullscreen><\/iframe><\/p>\n<h1 id=\"2\" style=\"padding-top: 60px;\">2. SKUDAIO<\/h1>\n<p><iframe loading=\"lazy\" title=\"SKUDAIO\" width=\"1080\" height=\"608\" src=\"https:\/\/www.youtube.com\/embed\/ktDlYa7mymY?feature=oembed\" frameborder=\"0\" allow=\"accelerometer; autoplay; clipboard-write; encrypted-media; gyroscope; picture-in-picture\" allowfullscreen><\/iframe><\/p>\n<h1 id=\"3\" style=\"padding-top: 60px;\">3. MENSCHEN<\/h1>\n<p><iframe loading=\"lazy\" title=\"MENSCHEN\" width=\"1080\" height=\"608\" src=\"https:\/\/www.youtube.com\/embed\/nZ-tH0Y7eK8?feature=oembed\" frameborder=\"0\" allow=\"accelerometer; autoplay; clipboard-write; encrypted-media; gyroscope; picture-in-picture\" allowfullscreen><\/iframe><\/p>\n<h1 id=\"4\" style=\"padding-top: 60px;\">4. VALLEY<\/h1>\n<p><iframe loading=\"lazy\" title=\"VALLEY\" width=\"1080\" height=\"608\" src=\"https:\/\/www.youtube.com\/embed\/5XzOFFVU7Vg?feature=oembed\" frameborder=\"0\" allow=\"accelerometer; autoplay; clipboard-write; encrypted-media; gyroscope; picture-in-picture\" allowfullscreen><\/iframe><\/p>\n<h1 id=\"5\" style=\"padding-top: 60px;\">5. KASTANIENHERZ<\/h1>\n<p><iframe loading=\"lazy\" title=\"KASTANIENHERZ\" width=\"1080\" height=\"608\" src=\"https:\/\/www.youtube.com\/embed\/W8jdexs5mNU?feature=oembed\" frameborder=\"0\" allow=\"accelerometer; autoplay; clipboard-write; encrypted-media; gyroscope; picture-in-picture\" allowfullscreen><\/iframe><\/p>\n<h1 id=\"6\" style=\"padding-top: 60px;\">6. SILENZIA<\/h1>\n<p><iframe loading=\"lazy\" title=\"SILENZIA\" width=\"1080\" height=\"608\" src=\"https:\/\/www.youtube.com\/embed\/gqZslFa3e24?feature=oembed\" frameborder=\"0\" allow=\"accelerometer; autoplay; clipboard-write; encrypted-media; gyroscope; picture-in-picture\" allowfullscreen><\/iframe><\/p>\n<h1 id=\"7\" style=\"padding-top: 60px;\">7. SHEPOOPY<\/h1>\n<p><iframe loading=\"lazy\" title=\"SHEPOOPY\" width=\"1080\" height=\"608\" src=\"https:\/\/www.youtube.com\/embed\/x2069OTuVXk?feature=oembed\" frameborder=\"0\" allow=\"accelerometer; autoplay; clipboard-write; encrypted-media; gyroscope; picture-in-picture\" allowfullscreen><\/iframe><\/p>\n<h1 id=\"8\" style=\"padding-top: 60px;\">8. GESUNDIUM<\/h1>\n<p><iframe loading=\"lazy\" title=\"GESUNDIUM\" width=\"1080\" height=\"608\" src=\"https:\/\/www.youtube.com\/embed\/nnk0l2Bm4V8?feature=oembed\" frameborder=\"0\" allow=\"accelerometer; autoplay; clipboard-write; encrypted-media; gyroscope; picture-in-picture\" allowfullscreen><\/iframe><\/p>\n<h1 id=\"9\" style=\"padding-top: 60px;\">9. INNSBROOKLYN<\/h1>\n<p><iframe loading=\"lazy\" title=\"INNSBROOKLYN\" width=\"1080\" height=\"608\" src=\"https:\/\/www.youtube.com\/embed\/UJE6Jg1Ad5A?feature=oembed\" frameborder=\"0\" allow=\"accelerometer; autoplay; clipboard-write; encrypted-media; gyroscope; picture-in-picture\" allowfullscreen><\/iframe><\/p>\n<h1 id=\"10\" style=\"padding-top: 60px;\">10. FRIDA<\/h1>\n<p><iframe loading=\"lazy\" title=\"FRIDA\" width=\"1080\" height=\"608\" src=\"https:\/\/www.youtube.com\/embed\/zk4P5SmNXaY?feature=oembed\" frameborder=\"0\" allow=\"accelerometer; autoplay; clipboard-write; encrypted-media; gyroscope; picture-in-picture\" allowfullscreen><\/iframe><\/p>\n<h1 id=\"11\" style=\"padding-top: 60px;\">11. FREIA<\/h1>\n<p><iframe loading=\"lazy\" title=\"FREIA\" width=\"1080\" height=\"608\" src=\"https:\/\/www.youtube.com\/embed\/9YgXW7xqcT8?feature=oembed\" frameborder=\"0\" allow=\"accelerometer; autoplay; clipboard-write; encrypted-media; gyroscope; picture-in-picture\" allowfullscreen><\/iframe><\/p>\n<h1 id=\"12\" style=\"padding-top: 60px;\">12. FREUKLING<\/h1>\n<p><iframe loading=\"lazy\" title=\"FREUKLING\" width=\"1080\" height=\"608\" src=\"https:\/\/www.youtube.com\/embed\/yV72-jO7JXE?feature=oembed\" frameborder=\"0\" allow=\"accelerometer; autoplay; clipboard-write; encrypted-media; gyroscope; picture-in-picture\" allowfullscreen><\/iframe><\/p>\n<h1 id=\"13\" style=\"padding-top: 60px;\">13. HERZLICHKEIT<\/h1>\n<p><iframe loading=\"lazy\" title=\"HERZLICHKEIT\" width=\"1080\" height=\"608\" src=\"https:\/\/www.youtube.com\/embed\/mR9BlX5h_pA?feature=oembed\" frameborder=\"0\" allow=\"accelerometer; autoplay; clipboard-write; encrypted-media; gyroscope; picture-in-picture\" allowfullscreen><\/iframe><\/p>\n<h1 id=\"14\" style=\"padding-top: 60px;\">14. PanoramaCity360\u00b0<\/h1>\n<p><iframe loading=\"lazy\" title=\"PanoramaCity360\u00b0\" width=\"1080\" height=\"608\" src=\"https:\/\/www.youtube.com\/embed\/cYSYjn2PxAc?feature=oembed\" frameborder=\"0\" allow=\"accelerometer; autoplay; clipboard-write; encrypted-media; gyroscope; picture-in-picture\" allowfullscreen><\/iframe><\/p>\n<h1 id=\"15\" style=\"padding-top: 60px;\">15. HARMONIE<\/h1>\n<p><iframe loading=\"lazy\" title=\"HARMONIE\" width=\"1080\" height=\"608\" src=\"https:\/\/www.youtube.com\/embed\/5fC-RaifnOo?feature=oembed\" frameborder=\"0\" allow=\"accelerometer; autoplay; clipboard-write; encrypted-media; gyroscope; picture-in-picture\" allowfullscreen><\/iframe><\/p>\n<h1 id=\"16\" style=\"padding-top: 60px;\">16. T\u00dcRKIS<\/h1>\n<p><iframe loading=\"lazy\" title=\"T\u00dcRKIS\" width=\"1080\" height=\"608\" src=\"https:\/\/www.youtube.com\/embed\/H8osDi6JOa4?feature=oembed\" frameborder=\"0\" allow=\"accelerometer; autoplay; clipboard-write; encrypted-media; gyroscope; picture-in-picture\" allowfullscreen><\/iframe><\/p>\n<h1 id=\"17\" style=\"padding-top: 60px;\">17. KENN-i<\/h1>\n<p><iframe loading=\"lazy\" title=\"KENN-i\" width=\"1080\" height=\"608\" src=\"https:\/\/www.youtube.com\/embed\/b6hMCyhAhZk?feature=oembed\" frameborder=\"0\" allow=\"accelerometer; autoplay; clipboard-write; encrypted-media; gyroscope; picture-in-picture\" allowfullscreen><\/iframe><\/p>\n<h1 id=\"18\" style=\"padding-top: 60px;\">18. GOTTEN<\/h1>\n<p><iframe loading=\"lazy\" title=\"GOTTEN\" width=\"1080\" height=\"608\" src=\"https:\/\/www.youtube.com\/embed\/vXHYRgaHqnc?feature=oembed\" frameborder=\"0\" allow=\"accelerometer; autoplay; clipboard-write; encrypted-media; gyroscope; picture-in-picture\" allowfullscreen><\/iframe><\/p>\n<h1 id=\"19\" style=\"padding-top: 60px;\">19. KUNIS<\/h1>\n<p><iframe loading=\"lazy\" title=\"KUNIS\" width=\"1080\" height=\"608\" src=\"https:\/\/www.youtube.com\/embed\/jMHmhkH0S14?feature=oembed\" frameborder=\"0\" allow=\"accelerometer; autoplay; clipboard-write; encrypted-media; gyroscope; picture-in-picture\" allowfullscreen><\/iframe><\/p>\n<h1 id=\"20\" style=\"padding-top: 60px;\">20. MONOKEL<\/h1>\n<p><iframe loading=\"lazy\" title=\"MONOKEL\" width=\"1080\" height=\"608\" src=\"https:\/\/www.youtube.com\/embed\/GeCDG2dij9g?feature=oembed\" frameborder=\"0\" allow=\"accelerometer; autoplay; clipboard-write; encrypted-media; gyroscope; picture-in-picture\" allowfullscreen><\/iframe><\/p>\n","protected":false},"excerpt":{"rendered":"<p>Wenn wir uns die Stadt Innsbruck als ein Buch vorstellen, repr\u00e4sentiert die Realit\u00e4t jedes*r Bewohners*in ein unabh\u00e4ngiges Kapitel. Das Sammeln dieser pers\u00f6nlichen Stadtbilder fordert das homogenisierte Narrativ Innsbrucks als sterile [&hellip;]<\/p>\n","protected":false},"author":3,"featured_media":4132,"parent":3073,"menu_order":0,"comment_status":"closed","ping_status":"closed","template":"","meta":{"_acf_changed":false,"_et_pb_use_builder":"","_et_pb_old_content":"","_et_gb_content_width":"","inline_featured_image":false,"footnotes":""},"class_list":["post-2271","page","type-page","status-publish","has-post-thumbnail","hentry"],"acf":[],"_links":{"self":[{"href":"https:\/\/magiccarpets.at\/de\/wp-json\/wp\/v2\/pages\/2271","targetHints":{"allow":["GET"]}}],"collection":[{"href":"https:\/\/magiccarpets.at\/de\/wp-json\/wp\/v2\/pages"}],"about":[{"href":"https:\/\/magiccarpets.at\/de\/wp-json\/wp\/v2\/types\/page"}],"author":[{"embeddable":true,"href":"https:\/\/magiccarpets.at\/de\/wp-json\/wp\/v2\/users\/3"}],"replies":[{"embeddable":true,"href":"https:\/\/magiccarpets.at\/de\/wp-json\/wp\/v2\/comments?post=2271"}],"version-history":[{"count":0,"href":"https:\/\/magiccarpets.at\/de\/wp-json\/wp\/v2\/pages\/2271\/revisions"}],"up":[{"embeddable":true,"href":"https:\/\/magiccarpets.at\/de\/wp-json\/wp\/v2\/pages\/3073"}],"wp:featuredmedia":[{"embeddable":true,"href":"https:\/\/magiccarpets.at\/de\/wp-json\/wp\/v2\/media\/4132"}],"wp:attachment":[{"href":"https:\/\/magiccarpets.at\/de\/wp-json\/wp\/v2\/media?parent=2271"}],"curies":[{"name":"wp","href":"https:\/\/api.w.org\/{rel}","templated":true}]}}