{"id":4186,"date":"2020-07-06T12:07:35","date_gmt":"2020-07-06T12:07:35","guid":{"rendered":"https:\/\/magiccarpets.at\/who-we-are"},"modified":"2020-10-01T10:18:01","modified_gmt":"2020-10-01T10:18:01","slug":"wer-wir-sind","status":"publish","type":"page","link":"https:\/\/magiccarpets.at\/de\/wer-wir-sind","title":{"rendered":"Wer wir sind"},"content":{"rendered":"<p>[et_pb_section fb_built=&#8220;1&#8243; module_class=&#8220;whoweare&#8220; _builder_version=&#8220;4.5.1&#8243; _module_preset=&#8220;default&#8220; z_index=&#8220;10&#8243; custom_padding=&#8220;0px||0px|||&#8220; custom_css_main_element=&#8220;position: -webkit-sticky !important;||position: sticky !important;||top: 111px;&#8220; border_width_bottom=&#8220;1px&#8220; border_color_bottom=&#8220;rgba(0,0,0,0.1)&#8220; custom_css_main_element_last_edited=&#8220;on|phone&#8220; custom_css_main_element_tablet=&#8220;position: -webkit-sticky !important;||position: sticky !important;||top: 46px;&#8220; custom_css_main_element_phone=&#8220;position: -webkit-sticky !important;||position: sticky !important;||top: 0px;&#8220;][et_pb_row _builder_version=&#8220;4.5.1&#8243; _module_preset=&#8220;default&#8220; max_width=&#8220;100%&#8220;][et_pb_column type=&#8220;4_4&#8243; _builder_version=&#8220;4.5.1&#8243; _module_preset=&#8220;default&#8220;][et_pb_menu menu_id=&#8220;19&#8243; active_link_color=&#8220;#222222&#8243; _builder_version=&#8220;4.5.1&#8243; _module_preset=&#8220;default&#8220; menu_text_color=&#8220;#222222&#8243; menu_font_size=&#8220;20px&#8220; active_link_color__hover_enabled=&#8220;on|hover&#8220; active_link_color__hover=&#8220;#ff0090&#8243; menu_text_color__hover_enabled=&#8220;on|hover&#8220; menu_text_color__hover=&#8220;#ff0090&#8243;][\/et_pb_menu][\/et_pb_column][\/et_pb_row][\/et_pb_section][et_pb_section fb_built=&#8220;1&#8243; _builder_version=&#8220;4.5.1&#8243; _module_preset=&#8220;default&#8220;][et_pb_row module_id=&#8220;uber&#8220; _builder_version=&#8220;4.6.3&#8243; _module_preset=&#8220;default&#8220; max_width=&#8220;100%&#8220;][et_pb_column type=&#8220;4_4&#8243; _builder_version=&#8220;4.5.1&#8243; _module_preset=&#8220;default&#8220;][et_pb_text _builder_version=&#8220;4.6.3&#8243; _module_preset=&#8220;default&#8220; text_line_height=&#8220;60px&#8220; custom_margin=&#8220;||20px||false|false&#8220; custom_padding=&#8220;||||false|false&#8220;]<\/p>\n<h1>\u00dcber Magic Carpet<\/h1>\n<p>[\/et_pb_text][et_pb_text _builder_version=&#8220;4.6.5&#8243; _module_preset=&#8220;default&#8220; custom_padding=&#8220;||0px|||&#8220; hover_enabled=&#8220;0&#8243; sticky_enabled=&#8220;0&#8243;]<\/p>\n<p><strong>MAGIC CARPETS\u00a0<\/strong><strong style=\"font-size: 16px;\">CREATIVE EUROPE PLATFORM \u00a0<\/strong><\/p>\n<p>MAGIC CARPETS ist ein vierj\u00e4hriges internationales F\u00f6rderungsprojekt f\u00fcr aufstrebende K\u00fcnstlerInnen aller Sparten, das vom Programm der EU-Kommission \u201eKreatives Europa\u201c unterst\u00fctzt wird. Anhand eines \u201eArtist in Residence\u201c-Programmes wird an der Etablierung einer Plattform gearbeitet, deren prim\u00e4res Ziel darin besteht, den k\u00fcnstlerischen Austausch aufstrebender Talente zu f\u00f6rdern. Die zur Residency geladenen K\u00fcnstlerInnen positionieren sich mitten im kulturellen Geschehen der jeweiligen Gaststadt. Ihre Ideen und Expertisen schaffen dadurch eine Synthese zwischen lokaler und globaler Wirklichkeit: Das entstandene Kunstwerk wird zum Vehikel der Begegnung, des Austausches und des Diskurses. Am Projekt Magic Carpets sind insgesamt 15 Kultur- und Kunsteinrichtungen aus EU-Mitgliedsl\u00e4ndern sowie EU-Beitrittskandidaten beteiligt.<\/p>\n<p>Der Titel &#8222;MagiC Carpets&#8220; bezieht sich auf den fliegenden Teppich aus dem M\u00e4rchen 1000 und 1 Nacht &#8211; ein &#8222;fantastisches Objekt&#8220;, mit dem man im Handumdrehen durch die Welt reisen kann. Der fliegende Teppich wird hier zu einer \u00fcberzeugenden Metapher f\u00fcr die Macht der Kultur, die das Misstrauen und die Konfrontation im interkulturellen Dialog, genseitigem Verst\u00e4ndnis, Respekt und Liebe, zu ver\u00e4ndern (ver)sucht.<\/p>\n<p>In diesem speziellen Augenblick in der Welt, in dem Geschichten neu geschrieben werden, versuchen wir:<\/p>\n<ul>\n<li>pers\u00f6nliche, globale oder einfach Stadt Geschichten durch interdisziplin\u00e4re Kunstpraktiken sichtbar und h\u00f6rbar machen;<\/li>\n<li>die Perspektiven aufstrebender K\u00fcnstler durch kulturellen Nomadismus mit sozial verantwortlichem Ansatz erweitern ihre F\u00e4higkeiten international zu arbeiten f\u00f6rdern und durch integrative Methoden, Ko-Kreation und Kooperation den Weg zur neuen Publikum finden.<\/li>\n<\/ul>\n<p>\u00a0Mehr als 50 k\u00fcnstlerische und kulturelle Interventionen in verschiedenen benachbarten europ\u00e4ischen St\u00e4dten werden zu jenen \u201eFliegenden Teppichen\u201d!\u00a0<\/p>\n<p>\u00d6sterreich ist durch \u201copenspace.innsbruck \u2013 Verein zur F\u00f6rderung der Alltagskultur\u201c seit 2018 Teil des Projektes!<\/p>\n<p>openspace.innsbruck, betrieben vom \u201cVerein zur F\u00f6rderung der Alltagskultur\u201d, ans\u00e4ssig im Stadtteil \u201cWilten\u201d wurde hierbei als \u00f6sterreichischer Vertreter nominiert und arbeitet gemeinsam mit unterstehenden Partnern daran, ausgew\u00e4hlten K\u00fcnstlerInnen das Sammeln von neuen Erfahrungen und die Vernetzung mit lokalen K\u00fcnstlerInnen und Communities im Sinne des europ\u00e4ischen Gedankens zu erm\u00f6glichen. openspace.innsbruck ist ein Veranstaltungsraum mit dem Ziel, lokalen und internationalen K\u00fcnstlerInnen und Kreativschaffenden, welche in den Grenzbereichen Kunst, Design und Musik arbeiten, Raum und Unterst\u00fctzung f\u00fcr die Umsetzung ihrer Projekte zu bieten.\u00a0<\/p>\n<p>[\/et_pb_text][\/et_pb_column][\/et_pb_row][et_pb_row module_id=&#8220;team&#8220; _builder_version=&#8220;4.5.1&#8243; _module_preset=&#8220;default&#8220; max_width=&#8220;100%&#8220; custom_padding=&#8220;||0px||false|false&#8220; locked=&#8220;off&#8220;][et_pb_column type=&#8220;4_4&#8243; _builder_version=&#8220;4.5.1&#8243; _module_preset=&#8220;default&#8220;][et_pb_text _builder_version=&#8220;4.5.1&#8243; _module_preset=&#8220;default&#8220; text_line_height=&#8220;60px&#8220; custom_margin=&#8220;||20px||false|false&#8220; custom_padding=&#8220;||||false|false&#8220;]<\/p>\n<h1>Team<\/h1>\n<p>[\/et_pb_text][\/et_pb_column][\/et_pb_row][et_pb_row column_structure=&#8220;1_4,1_4,1_4,1_4&#8243; module_id=&#8220;team&#8220; _builder_version=&#8220;4.5.1&#8243; _module_preset=&#8220;default&#8220; max_width=&#8220;100%&#8220; custom_margin=&#8220;||||false|false&#8220; custom_padding=&#8220;0px||||false|false&#8220;][et_pb_column type=&#8220;1_4&#8243; _builder_version=&#8220;4.5.1&#8243; _module_preset=&#8220;default&#8220;][et_pb_image src=&#8220;https:\/\/magiccarpets.at\/wp-content\/uploads\/2020\/07\/mc_team_openspace.jpg&#8220; title_text=&#8220;mc_team_openspace&#8220; show_in_lightbox=&#8220;on&#8220; _builder_version=&#8220;4.5.1&#8243; _module_preset=&#8220;default&#8220;][\/et_pb_image][\/et_pb_column][et_pb_column type=&#8220;1_4&#8243; _builder_version=&#8220;4.5.1&#8243; _module_preset=&#8220;default&#8220;][et_pb_text _builder_version=&#8220;4.6.3&#8243; _module_preset=&#8220;default&#8220;]<\/p>\n<p><strong>Danijela Oberhofer Tonkovic &#8211; Kuration und Projektleitung<\/strong><\/p>\n<p>Kunst &amp; Kultur-Management, K\u00fcnstler*innen Management, Kuratorische Arbeit, internationale Vernetzung.<\/p>\n<p>Projektpartner von openspace.innsbruck im Bereich internationaler (meist EU) Projekte<\/p>\n<p>Mitbegr\u00fcnder der Kulturorganisation Lab 852 (Zagreb, Kroatien),<\/p>\n<p>Mitglied verschiedener Festival-teams.<\/p>\n<p>[\/et_pb_text][\/et_pb_column][et_pb_column type=&#8220;1_4&#8243; _builder_version=&#8220;4.5.1&#8243; _module_preset=&#8220;default&#8220;][et_pb_text _builder_version=&#8220;4.6.3&#8243; _module_preset=&#8220;default&#8220;]<\/p>\n<p><strong>Charly Walter &#8211; Administrative Direktion und Produktionsunterst\u00fctzung<\/strong><\/p>\n<p>Gr\u00fcnder und Gesch\u00e4ftsf\u00fchrer von openspace.innsbruck<\/p>\n<p>Vorsitzender des Vorstands des Premierentage \u2013 Festivals f\u00fcr zeitgen\u00f6ssische Kunst in Innsbruck und Umgebung.<\/p>\n<p>Bekannt f\u00fcr seine kreative Arbeit an der Schnittstelle zwischen Kunst, Design und Architektur, die ma\u00dfgeblich zur<\/p>\n<p>Entwicklung und Unterst\u00fctzung der lokalen Kulturszene beigetragen hat.<\/p>\n<p>[\/et_pb_text][\/et_pb_column][et_pb_column type=&#8220;1_4&#8243; _builder_version=&#8220;4.5.1&#8243; _module_preset=&#8220;default&#8220;][et_pb_text _builder_version=&#8220;4.6.3&#8243; _module_preset=&#8220;default&#8220; custom_padding=&#8220;||60px|||&#8220;]<\/p>\n<p><strong>EXTERN &gt;&gt;<\/strong><\/p>\n<p>Text<br \/> Johannes Reisigl, Marco Russo, Lona Gaikis<\/p>\n<p>Design:<br \/> Stefan Rasberger, Armin List, Johannes Reisigl, Julian Berger<\/p>\n<p>Photo and Video:<br \/> G\u00fcnter Kresser, Natalia Zajacikova<br \/> Nanook Multimedia<\/p>\n<p>[\/et_pb_text][\/et_pb_column][\/et_pb_row][et_pb_row module_id=&#8220;partner&#8220; _builder_version=&#8220;4.6.3&#8243; _module_preset=&#8220;default&#8220; max_width=&#8220;100%&#8220; custom_padding=&#8220;||0px||false|false&#8220;][et_pb_column type=&#8220;4_4&#8243; _builder_version=&#8220;4.5.1&#8243; _module_preset=&#8220;default&#8220;][et_pb_text _builder_version=&#8220;4.5.1&#8243; _module_preset=&#8220;default&#8220; text_line_height=&#8220;60px&#8220; custom_margin=&#8220;||20px||false|false&#8220; custom_padding=&#8220;||||false|false&#8220;]<\/p>\n<h1>Partner<\/h1>\n<p>[\/et_pb_text][\/et_pb_column][\/et_pb_row][et_pb_row column_structure=&#8220;1_3,1_3,1_3&#8243; module_id=&#8220;partners&#8220; _builder_version=&#8220;4.5.1&#8243; _module_preset=&#8220;default&#8220; max_width=&#8220;100%&#8220; custom_padding=&#8220;0px|||||&#8220;][et_pb_column type=&#8220;1_3&#8243; _builder_version=&#8220;4.5.1&#8243; _module_preset=&#8220;default&#8220;][et_pb_text _builder_version=&#8220;4.5.1&#8243; _module_preset=&#8220;default&#8220; locked=&#8220;off&#8220;]<\/p>\n<p><strong>International partners and platform members:<\/strong><\/p>\n<p><span><a href=\"https:\/\/bienale.lt\/2019\/en\/\"><strong>Kaunas Biennial<\/strong><\/a><\/span><strong>\u00a0(Kaunas \/ Lithuania) \u2013 Coordinating Entity<\/strong><br \/> <span><a href=\"https:\/\/www.eva.ie\/\">EVA International \u2013 Ireland\u2019s Biennial<\/a><\/span>\u00a0(Limerick \/ Ireland)<br \/> <span><a href=\"https:\/\/folkestonefringe.com\/\">Folkestone Fringe<\/a><\/span>\u00a0(Folkestone \/ UK)<br \/> <span><a href=\"https:\/\/www.ideiasemergentes.pt\/\">Ideias Emergentes<\/a><\/span>\u00a0(Porto \/ Portugal)<br \/> <span><a href=\"https:\/\/hbce.com.ua\/jam-factory\/\">Jam Factory Art Centre<\/a><\/span>\u00a0(Lviv \/ Ukraine)<br \/> <span><a href=\"https:\/\/www.zku-berlin.org\/\">KUNSTrePUBLIC \u2013 ZK\/U<\/a><\/span>\u00a0(Berlin \/ Germany)<br \/> <span><a href=\"https:\/\/www.lab852.com\/\">LAB 852 d.o.o.<\/a><\/span>\u00a0(Zagreb \/ Croatia)<br \/> <span><a href=\"https:\/\/www.latitudo.net\/en\/\">Latitudo SRL<\/a><\/span>\u00a0(Rome \/ Italy)<br \/> <span><a href=\"https:\/\/www.metacult.ro\/index.php?lang=EN\">META Cultural Foundation<\/a><\/span>\u00a0(Bucharest \/ Romania)<br \/> <span><a href=\"https:\/\/theatre.lv\/eng\/\">New Theatre Institute of Latvia<\/a><\/span>\u00a0(Riga \/ Latvia)<br \/> <span><a href=\"https:\/\/novokulturnonaselje.rs\/\">Novo Kulturno Naselje<\/a><\/span>\u00a0(Novi Sad \/ Serbia)<br \/> <span><a href=\"https:\/\/openspace-innsbruck.com\/\">Openspace.Innsbruck<\/a><\/span>\u00a0(Innsbruck \/ Austria)<br \/> <span><a href=\"https:\/\/www.praguebiennale.net\/\">Prague Biennale<\/a><\/span>\u00a0(Prague \/ Czech Republic)<br \/> <span><a href=\"https:\/\/www.tbilisiphotofestival.com\/en\/\">Tbilisi Photo Festival<\/a><\/span>\u00a0(Tbilisi \/ Georgia)<br \/> <span><a href=\"https:\/\/trempo.com\/\">Trempolino<\/a><\/span>\u00a0(Nantes \/ France)<br \/> <span><a href=\"https:\/\/www.cca.ge\/\">Centre of Contemporary Art \u2013 Tbilisi<\/a><\/span>\u00a0(Tbilisi \/ Georgia) \u2013 Platform Member 2017-2019<\/p>\n<p>[\/et_pb_text][\/et_pb_column][et_pb_column type=&#8220;1_3&#8243; _builder_version=&#8220;4.5.1&#8243; _module_preset=&#8220;default&#8220;][et_pb_text _builder_version=&#8220;4.5.1&#8243; _module_preset=&#8220;default&#8220;]<\/p>\n<p><strong>Local partners:<\/strong><\/p>\n<p>Heart of Noise Festival<br \/> Wiltener Kultursommer<br \/> Fablab \/ Spielraum f\u00fcr Alle<br \/> Werkst\u00e4tte Wattens<br \/> Museum Ferdinandeum<br \/> IT Syndikat<br \/> Vorbrenner<br \/> Vrschubu Records<br \/> Upcycling studio<br \/> BASIS Vinschgau Venosta<br \/> Franzmagazine<\/p>\n<p>[\/et_pb_text][\/et_pb_column][et_pb_column type=&#8220;1_3&#8243; _builder_version=&#8220;4.5.1&#8243; _module_preset=&#8220;default&#8220;][et_pb_image src=&#8220;https:\/\/magiccarpets.at\/wp-content\/uploads\/2020\/07\/mc_partners_Rafaela-Martins.jpg&#8220; title_text=&#8220;mc_partners_Rafaela-Martins&#8220; show_in_lightbox=&#8220;on&#8220; _builder_version=&#8220;4.5.1&#8243; _module_preset=&#8220;default&#8220;][\/et_pb_image][\/et_pb_column][\/et_pb_row][et_pb_row module_id=&#8220;partners&#8220; _builder_version=&#8220;4.5.1&#8243; _module_preset=&#8220;default&#8220; max_width=&#8220;100%&#8220; custom_padding=&#8220;||||false|false&#8220;][et_pb_column type=&#8220;4_4&#8243; _builder_version=&#8220;4.5.1&#8243; _module_preset=&#8220;default&#8220;][et_pb_text _builder_version=&#8220;4.5.1&#8243; _module_preset=&#8220;default&#8220;]<\/p>\n<p>\u201cMagic Carpets\u201d Platform is co-funded by the Creative Europe program of the European Union, and financially supported by the City of Innsbruck, Land Tirol as well as Ministry for Arts, Culture, the Civil Service and Sport<\/p>\n<p>[\/et_pb_text][\/et_pb_column][\/et_pb_row][et_pb_row module_id=&#8220;unser_veranstaltungsort&#8220; _builder_version=&#8220;4.6.3&#8243; _module_preset=&#8220;default&#8220; max_width=&#8220;100%&#8220; locked=&#8220;off&#8220;][et_pb_column type=&#8220;4_4&#8243; _builder_version=&#8220;4.5.1&#8243; _module_preset=&#8220;default&#8220;][et_pb_text _builder_version=&#8220;4.6.3&#8243; _module_preset=&#8220;default&#8220; text_line_height=&#8220;60px&#8220; custom_margin=&#8220;||20px||false|false&#8220; custom_padding=&#8220;||||false|false&#8220;]<\/p>\n<h1>Unser Veranstaltungsort<\/h1>\n<p>[\/et_pb_text][et_pb_text _builder_version=&#8220;4.6.3&#8243; _module_preset=&#8220;default&#8220;]openspace.innsbruck, betrieben vom \u201cVerein zur F\u00f6rderung der Alltagskultur\u201d, und ans\u00e4ssig im Stadtteil Wilten wurde 2018 als \u00f6sterreichischer Vertreter F\u00dcR MAGIC CARPETS nominiert und arbeitet seither gemeinsam mit  weiteren 14 Parteiorganisationen daran, ausgew\u00e4hlten K\u00fcnstler*Innen das Sammeln von neuen Erfahrungen und die Vernetzung mit lokalen K\u00fcnstler*Innen und Gemeinschaften im Sinne des europ\u00e4ischen Gedankens zu erm\u00f6glichen. <\/p>\n<p>openspace.innsbruck ist ein interdisziplin\u00e4rer  60 m2 gr\u00f6sser Veranstaltungsraum mit dem Ziel, lokalen und internationalen K\u00fcnstlerInnen und Kreativschaffenden, welche in den Grenzbereichen zwischen Kunst, Design und Musik arbeiten, Raum und Unterst\u00fctzung f\u00fcr die Umsetzung ihrer Projekte zu bieten.  <\/p>\n<p>Seit 2012 kuratieren wir jedes Jahr bis zu 5 gro\u00dfe Ausstellungen lokaler und internationaler Kunstler*innen, sowie bis zu 50 multidisziplin\u00e4re Veranstaltungen. Openspace beherbergt auch viele Workshops und discussions Formen  > generation- und disziplinen \u00fcberschreitend.<\/p>\n<p><a href=\"https:\/\/openspace-innsbruck.com\" target=\"_blank\" rel=\"noopener noreferrer\">https:\/\/openspace-innsbruck.com<\/a>[\/et_pb_text][\/et_pb_column][\/et_pb_row][et_pb_row module_id=&#8220;kontakt&#8220; _builder_version=&#8220;4.6.3&#8243; _module_preset=&#8220;default&#8220; max_width=&#8220;100%&#8220; locked=&#8220;off&#8220;][et_pb_column type=&#8220;4_4&#8243; _builder_version=&#8220;4.5.1&#8243; _module_preset=&#8220;default&#8220;][et_pb_text _builder_version=&#8220;4.6.3&#8243; _module_preset=&#8220;default&#8220; text_line_height=&#8220;60px&#8220; custom_margin=&#8220;||20px||false|false&#8220; custom_padding=&#8220;||||false|false&#8220;]<\/p>\n<h1>Kontakt<\/h1>\n<p>[\/et_pb_text][et_pb_text _builder_version=&#8220;4.5.1&#8243; _module_preset=&#8220;default&#8220;]<\/p>\n<p><strong>Openspace innsbruck<\/strong><br \/> <a href=\"mailto:info@magiccarpets.at\">info@magiccarpets.at<\/a><\/p>\n<p>+436769418881<br \/> Mentlgasse 12b<br \/> 6020 Innsbruck<br \/> Austria<\/p>\n<p>[\/et_pb_text][et_pb_code _builder_version=&#8220;4.5.1&#8243; _module_preset=&#8220;default&#8220;]<iframe loading=\"lazy\" src=\"https:\/\/www.google.com\/maps\/embed?pb=!1m18!1m12!1m3!1d2707.8109449576777!2d11.396370216236193!3d47.25940001988965!2m3!1f0!2f0!3f0!3m2!1i1024!2i768!4f13.1!3m3!1m2!1s0x479d695f5569c60b%3A0x348db08ae3473d93!2sMentlgasse%2012b%2C%206020%20Innsbruck%2C%20Austrija!5e0!3m2!1shr!2shr!4v1596103159893!5m2!1shr!2shr\" width=\"100%\" height=\"450\" frameborder=\"0\" style=\"border:0;\" allowfullscreen=\"\" aria-hidden=\"false\" tabindex=\"0\"><\/iframe>[\/et_pb_code][\/et_pb_column][\/et_pb_row][\/et_pb_section]<\/p>\n","protected":false},"excerpt":{"rendered":"<p>\u00dcber Magic CarpetMAGIC CARPETS\u00a0CREATIVE EUROPE PLATFORM \u00a0 MAGIC CARPETS ist ein vierj\u00e4hriges internationales F\u00f6rderungsprojekt f\u00fcr aufstrebende K\u00fcnstlerInnen aller Sparten, das vom Programm der EU-Kommission \u201eKreatives Europa\u201c unterst\u00fctzt wird. Anhand eines [&hellip;]<\/p>\n","protected":false},"author":2,"featured_media":10322,"parent":0,"menu_order":0,"comment_status":"closed","ping_status":"closed","template":"","meta":{"_acf_changed":false,"_et_pb_use_builder":"on","_et_pb_old_content":"","_et_gb_content_width":"","inline_featured_image":false,"footnotes":""},"class_list":["post-4186","page","type-page","status-publish","has-post-thumbnail","hentry"],"acf":[],"_links":{"self":[{"href":"https:\/\/magiccarpets.at\/de\/wp-json\/wp\/v2\/pages\/4186","targetHints":{"allow":["GET"]}}],"collection":[{"href":"https:\/\/magiccarpets.at\/de\/wp-json\/wp\/v2\/pages"}],"about":[{"href":"https:\/\/magiccarpets.at\/de\/wp-json\/wp\/v2\/types\/page"}],"author":[{"embeddable":true,"href":"https:\/\/magiccarpets.at\/de\/wp-json\/wp\/v2\/users\/2"}],"replies":[{"embeddable":true,"href":"https:\/\/magiccarpets.at\/de\/wp-json\/wp\/v2\/comments?post=4186"}],"version-history":[{"count":0,"href":"https:\/\/magiccarpets.at\/de\/wp-json\/wp\/v2\/pages\/4186\/revisions"}],"wp:featuredmedia":[{"embeddable":true,"href":"https:\/\/magiccarpets.at\/de\/wp-json\/wp\/v2\/media\/10322"}],"wp:attachment":[{"href":"https:\/\/magiccarpets.at\/de\/wp-json\/wp\/v2\/media?parent=4186"}],"curies":[{"name":"wp","href":"https:\/\/api.w.org\/{rel}","templated":true}]}}