{"id":4228,"date":"2020-07-06T12:12:02","date_gmt":"2020-07-06T12:12:02","guid":{"rendered":"https:\/\/magiccarpets.at\/residencies"},"modified":"2020-09-24T09:20:53","modified_gmt":"2020-09-24T09:20:53","slug":"kuenstlerresidenzen","status":"publish","type":"page","link":"https:\/\/magiccarpets.at\/de\/kuenstlerresidenzen","title":{"rendered":"K\u00fcnstlerresidenzen"},"content":{"rendered":"<p>[et_pb_section fb_built=&#8220;1&#8243; _builder_version=&#8220;4.4.9&#8243;][et_pb_row _builder_version=&#8220;4.4.9&#8243; max_width=&#8220;100%&#8220;][et_pb_column type=&#8220;4_4&#8243; _builder_version=&#8220;4.4.9&#8243;][et_pb_tabs _builder_version=&#8220;4.6.3&#8243; hover_enabled=&#8220;0&#8243; module_id=&#8220;my-tabs&#8220; sticky_enabled=&#8220;0&#8243;][et_pb_tab title=&#8220;K\u00fcnstlerresidenzen im Au\u00dfland&#8220; _builder_version=&#8220;4.6.3&#8243;][et_pb_section global_module=\"1910\"][\/et_pb_section][\/et_pb_tab][et_pb_tab title=&#8220;OpenSpace Innsbruck&#8220; _builder_version=&#8220;4.5.3&#8243;][et_pb_section global_module=\"1913\"][\/et_pb_section][\/et_pb_tab][\/et_pb_tabs][\/et_pb_column][\/et_pb_row][\/et_pb_section]<\/p>\n","protected":false},"excerpt":{"rendered":"<p><div class=\"et_pb_with_border et_pb_module et_pb_blog_0 et_blog_grid_equal_height et_pb_blog_grid_wrapper et_pb_bg_layout_light\">\n\t\t\t\t\t<div class=\"et_pb_blog_grid clearfix \">\n\t\t\t\t\t\n\t\t\t\t\t\n\t\t\t\t\t\n\t\t\t\t\t\n\t\t\t\t\t<div class=\"et_pb_ajax_pagination_container\">\n\t\t\t\t\t\t<div class=\"et_pb_salvattore_content\" data-columns>\n\t\t\t<article id=\"post-11751\" class=\"et_pb_post clearfix et_pb_blog_item_0_0 post-11751 post type-post status-publish format-standard has-post-thumbnail hentry category-aktuelles category-kuenstlerresidenzen category-kuenstlerresidenzen-im-aussland category-openspace-innsbruck-de category-projekte\">\n\n\t\t\t\t<div class=\"et_pb_image_container\"><a href=\"https:\/\/magiccarpets.at\/de\/aktuelles\/nicole-weniger-artist-in-residence-in-portugal-exploring-textile-as-shelter-identity-and-waste\" class=\"entry-featured-image-url\"><img loading=\"lazy\" decoding=\"async\" src=\"https:\/\/magiccarpets.at\/wp-content\/uploads\/2025\/08\/70D4F04D-2934-40E7-A24F-22BFCFA27E32-2-400x250.jpg\" alt=\"Nicole Weniger \u2013 Artist-in-Residence in Portugal: Exploring Textile as Shelter, Identity, and Waste\" class=\"\" srcset=\"https:\/\/magiccarpets.at\/wp-content\/uploads\/2025\/08\/70D4F04D-2934-40E7-A24F-22BFCFA27E32-2-scaled.jpg 479w, https:\/\/magiccarpets.at\/wp-content\/uploads\/2025\/08\/70D4F04D-2934-40E7-A24F-22BFCFA27E32-2-400x250.jpg 480w \" sizes=\"(max-width:479px) 479px, 100vw \"  width=\"400\" height=\"250\" \/><\/a><\/div>\n\t\t\t\t\t\t\t\t\t\t\t\t\t\t<h2 class=\"entry-title\">\n\t\t\t\t\t\t\t\t\t\t\t\t\t<a href=\"https:\/\/magiccarpets.at\/de\/aktuelles\/nicole-weniger-artist-in-residence-in-portugal-exploring-textile-as-shelter-identity-and-waste\">Nicole Weniger \u2013 Artist-in-Residence in Portugal: Exploring Textile as Shelter, Identity, and Waste<\/a>\n\t\t\t\t\t\t\t\t\t\t\t<\/h2>\n\t\t\t\t\n\t\t\t\t\t<div class=\"post-content\"><div class=\"post-content-inner\"><p>Nicole Weniger (*1987, Innsbruck) develops an artistic practice at the intersection of photography, installation, and performative gesture. Her work...<\/p>\n<\/div><a href=\"https:\/\/magiccarpets.at\/de\/aktuelles\/nicole-weniger-artist-in-residence-in-portugal-exploring-textile-as-shelter-identity-and-waste\" class=\"more-link\">mehr lesen<\/a><\/div>\t\t\t\n\t\t\t<\/article>\n\t\t\t\t\n\t\t\t<article id=\"post-11758\" class=\"et_pb_post clearfix et_pb_blog_item_0_1 post-11758 post type-post status-publish format-standard has-post-thumbnail hentry category-aktuelles category-kuenstlerresidenzen category-kuenstlerresidenzen-im-aussland category-lokale-kuenstler category-openspace-innsbruck-de category-projekte\">\n\n\t\t\t\t<div class=\"et_pb_image_container\"><a href=\"https:\/\/magiccarpets.at\/de\/aktuelles\/nicole-weniger-artist-in-residence-in-guimaraes-portugal-textilien-als-schutz-identitaet-und-spur\" class=\"entry-featured-image-url\"><img loading=\"lazy\" decoding=\"async\" src=\"https:\/\/magiccarpets.at\/wp-content\/uploads\/2025\/08\/70D4F04D-2934-40E7-A24F-22BFCFA27E32-2-400x250.jpg\" alt=\"Nicole Weniger \u2013 Artist in Residence in Guimar\u00e3es, Portugal: Textilien als Schutz, Identit\u00e4t und Spur\" class=\"\" srcset=\"https:\/\/magiccarpets.at\/wp-content\/uploads\/2025\/08\/70D4F04D-2934-40E7-A24F-22BFCFA27E32-2-scaled.jpg 479w, https:\/\/magiccarpets.at\/wp-content\/uploads\/2025\/08\/70D4F04D-2934-40E7-A24F-22BFCFA27E32-2-400x250.jpg 480w \" sizes=\"(max-width:479px) 479px, 100vw \"  width=\"400\" height=\"250\" \/><\/a><\/div>\n\t\t\t\t\t\t\t\t\t\t\t\t\t\t<h2 class=\"entry-title\">\n\t\t\t\t\t\t\t\t\t\t\t\t\t<a href=\"https:\/\/magiccarpets.at\/de\/aktuelles\/nicole-weniger-artist-in-residence-in-guimaraes-portugal-textilien-als-schutz-identitaet-und-spur\">Nicole Weniger \u2013 Artist in Residence in Guimar\u00e3es, Portugal: Textilien als Schutz, Identit\u00e4t und Spur<\/a>\n\t\t\t\t\t\t\t\t\t\t\t<\/h2>\n\t\t\t\t\n\t\t\t\t\t<div class=\"post-content\"><div class=\"post-content-inner\"><p>Nicole Weniger (*1987, Innsbruck) entwickelt eine k\u00fcnstlerische Praxis an der Schnittstelle von Fotografie, Installation und performativer Geste....<\/p>\n<\/div><a href=\"https:\/\/magiccarpets.at\/de\/aktuelles\/nicole-weniger-artist-in-residence-in-guimaraes-portugal-textilien-als-schutz-identitaet-und-spur\" class=\"more-link\">mehr lesen<\/a><\/div>\t\t\t\n\t\t\t<\/article>\n\t\t\t\t\n\t\t\t<article id=\"post-2421\" class=\"et_pb_post clearfix et_pb_blog_item_0_2 post-2421 post type-post status-publish format-standard has-post-thumbnail hentry category-kuenstlerresidenzen-im-aussland\">\n\n\t\t\t\t<div class=\"et_pb_image_container\"><a href=\"https:\/\/magiccarpets.at\/de\/kuenstlerresidenzen\/kuenstlerresidenzen-im-aussland\/matthias-krinzinger-2\" class=\"entry-featured-image-url\"><img loading=\"lazy\" decoding=\"async\" src=\"https:\/\/magiccarpets.at\/wp-content\/uploads\/2020\/09\/MKrinzinger_square-400x250.jpg\" alt=\"Matthias Krinzinger\" class=\"\" srcset=\"https:\/\/magiccarpets.at\/wp-content\/uploads\/2020\/09\/MKrinzinger_square.jpg 479w, https:\/\/magiccarpets.at\/wp-content\/uploads\/2020\/09\/MKrinzinger_square-400x250.jpg 480w \" sizes=\"(max-width:479px) 479px, 100vw \"  width=\"400\" height=\"250\" \/><\/a><\/div>\n\t\t\t\t\t\t\t\t\t\t\t\t\t\t<h2 class=\"entry-title\">\n\t\t\t\t\t\t\t\t\t\t\t\t\t<a href=\"https:\/\/magiccarpets.at\/de\/kuenstlerresidenzen\/kuenstlerresidenzen-im-aussland\/matthias-krinzinger-2\">Matthias Krinzinger<\/a>\n\t\t\t\t\t\t\t\t\t\t\t<\/h2>\n\t\t\t\t\n\t\t\t\t\t<div class=\"post-content\"><div class=\"post-content-inner\"><p>Zurzeit nur in englischer Sprache verf\u00fcgbar. <\/p>\n<\/div><a href=\"https:\/\/magiccarpets.at\/de\/kuenstlerresidenzen\/kuenstlerresidenzen-im-aussland\/matthias-krinzinger-2\" class=\"more-link\">mehr lesen<\/a><\/div>\t\t\t\n\t\t\t<\/article>\n\t\t\t\t\n\t\t\t<article id=\"post-2415\" class=\"et_pb_post clearfix et_pb_blog_item_0_3 post-2415 post type-post status-publish format-standard has-post-thumbnail hentry category-kuenstlerresidenzen-im-aussland\">\n\n\t\t\t\t<div class=\"et_pb_image_container\"><a href=\"https:\/\/magiccarpets.at\/de\/kuenstlerresidenzen\/kuenstlerresidenzen-im-aussland\/david-prieth-2\" class=\"entry-featured-image-url\"><img loading=\"lazy\" decoding=\"async\" src=\"https:\/\/magiccarpets.at\/wp-content\/uploads\/2020\/09\/DPrieth_square-400x250.jpg\" alt=\"David Prieth\" class=\"\" srcset=\"https:\/\/magiccarpets.at\/wp-content\/uploads\/2020\/09\/DPrieth_square.jpg 479w, https:\/\/magiccarpets.at\/wp-content\/uploads\/2020\/09\/DPrieth_square-400x250.jpg 480w \" sizes=\"(max-width:479px) 479px, 100vw \"  width=\"400\" height=\"250\" \/><\/a><\/div>\n\t\t\t\t\t\t\t\t\t\t\t\t\t\t<h2 class=\"entry-title\">\n\t\t\t\t\t\t\t\t\t\t\t\t\t<a href=\"https:\/\/magiccarpets.at\/de\/kuenstlerresidenzen\/kuenstlerresidenzen-im-aussland\/david-prieth-2\">David Prieth<\/a>\n\t\t\t\t\t\t\t\t\t\t\t<\/h2>\n\t\t\t\t\n\t\t\t\t\t<div class=\"post-content\"><div class=\"post-content-inner\"><p>Zurzeit nur in englischer Sprache verf\u00fcgbar. &nbsp; <\/p>\n<\/div><a href=\"https:\/\/magiccarpets.at\/de\/kuenstlerresidenzen\/kuenstlerresidenzen-im-aussland\/david-prieth-2\" class=\"more-link\">mehr lesen<\/a><\/div>\t\t\t\n\t\t\t<\/article>\n\t\t\t\t\n\t\t\t<article id=\"post-5488\" class=\"et_pb_post clearfix et_pb_blog_item_0_4 post-5488 post type-post status-publish format-standard has-post-thumbnail hentry category-kuenstlerresidenzen-im-aussland\">\n\n\t\t\t\t<div class=\"et_pb_image_container\"><a href=\"https:\/\/magiccarpets.at\/de\/kuenstlerresidenzen\/kuenstlerresidenzen-im-aussland\/richard-schwarz-2\" class=\"entry-featured-image-url\"><img loading=\"lazy\" decoding=\"async\" src=\"https:\/\/magiccarpets.at\/wp-content\/uploads\/2020\/09\/Richard-Schwarz-400x250.jpg\" alt=\"Richard Schwarz\" class=\"\" srcset=\"https:\/\/magiccarpets.at\/wp-content\/uploads\/2020\/09\/Richard-Schwarz.jpg 479w, https:\/\/magiccarpets.at\/wp-content\/uploads\/2020\/09\/Richard-Schwarz-400x250.jpg 480w \" sizes=\"(max-width:479px) 479px, 100vw \"  width=\"400\" height=\"250\" \/><\/a><\/div>\n\t\t\t\t\t\t\t\t\t\t\t\t\t\t<h2 class=\"entry-title\">\n\t\t\t\t\t\t\t\t\t\t\t\t\t<a href=\"https:\/\/magiccarpets.at\/de\/kuenstlerresidenzen\/kuenstlerresidenzen-im-aussland\/richard-schwarz-2\">Richard Schwarz<\/a>\n\t\t\t\t\t\t\t\t\t\t\t<\/h2>\n\t\t\t\t\n\t\t\t\t\t<div class=\"post-content\"><div class=\"post-content-inner\"><p>Richard Schwarz - K\u00fcnstlerresidenzen im Au\u00dfland. Zurzeit nur in englischer Sprache verf\u00fcgbar. &nbsp;<\/p>\n<\/div><a href=\"https:\/\/magiccarpets.at\/de\/kuenstlerresidenzen\/kuenstlerresidenzen-im-aussland\/richard-schwarz-2\" class=\"more-link\">mehr lesen<\/a><\/div>\t\t\t\n\t\t\t<\/article>\n\t\t\t\t\n\t\t\t<article id=\"post-5484\" class=\"et_pb_post clearfix et_pb_blog_item_0_5 post-5484 post type-post status-publish format-standard has-post-thumbnail hentry category-kuenstlerresidenzen-im-aussland\">\n\n\t\t\t\t<div class=\"et_pb_image_container\"><a href=\"https:\/\/magiccarpets.at\/de\/kuenstlerresidenzen\/kuenstlerresidenzen-im-aussland\/andreas-zissler-2\" class=\"entry-featured-image-url\"><img loading=\"lazy\" decoding=\"async\" src=\"https:\/\/magiccarpets.at\/wp-content\/uploads\/2020\/09\/Andreas-Zissler-400x250.jpg\" alt=\"Andreas Zissler\" class=\"\" srcset=\"https:\/\/magiccarpets.at\/wp-content\/uploads\/2020\/09\/Andreas-Zissler.jpg 479w, https:\/\/magiccarpets.at\/wp-content\/uploads\/2020\/09\/Andreas-Zissler-400x250.jpg 480w \" sizes=\"(max-width:479px) 479px, 100vw \"  width=\"400\" height=\"250\" \/><\/a><\/div>\n\t\t\t\t\t\t\t\t\t\t\t\t\t\t<h2 class=\"entry-title\">\n\t\t\t\t\t\t\t\t\t\t\t\t\t<a href=\"https:\/\/magiccarpets.at\/de\/kuenstlerresidenzen\/kuenstlerresidenzen-im-aussland\/andreas-zissler-2\">Andreas Zissler<\/a>\n\t\t\t\t\t\t\t\t\t\t\t<\/h2>\n\t\t\t\t\n\t\t\t\t\t<div class=\"post-content\"><div class=\"post-content-inner\"><p>Andreas Zissler - K\u00fcnstlerresidenzen im Au\u00dfland. Zurzeit nur in englischer Sprache verf\u00fcgbar.<\/p>\n<\/div><a href=\"https:\/\/magiccarpets.at\/de\/kuenstlerresidenzen\/kuenstlerresidenzen-im-aussland\/andreas-zissler-2\" class=\"more-link\">mehr lesen<\/a><\/div>\t\t\t\n\t\t\t<\/article>\n\t\t\t\t\n\t\t\t<article id=\"post-2452\" class=\"et_pb_post clearfix et_pb_blog_item_0_6 post-2452 post type-post status-publish format-standard has-post-thumbnail hentry category-kuenstlerresidenzen-im-aussland\">\n\n\t\t\t\t<div class=\"et_pb_image_container\"><a href=\"https:\/\/magiccarpets.at\/de\/kuenstlerresidenzen\/kuenstlerresidenzen-im-aussland\/benjamin-tomasi\" class=\"entry-featured-image-url\"><img loading=\"lazy\" decoding=\"async\" src=\"https:\/\/magiccarpets.at\/wp-content\/uploads\/2020\/09\/PKPL3518-400x250.jpg\" alt=\"Benjamin Tomasi\" class=\"\" srcset=\"https:\/\/magiccarpets.at\/wp-content\/uploads\/2020\/09\/PKPL3518-e1601022930578.jpg 479w, https:\/\/magiccarpets.at\/wp-content\/uploads\/2020\/09\/PKPL3518-400x250.jpg 480w \" sizes=\"(max-width:479px) 479px, 100vw \"  width=\"400\" height=\"250\" \/><\/a><\/div>\n\t\t\t\t\t\t\t\t\t\t\t\t\t\t<h2 class=\"entry-title\">\n\t\t\t\t\t\t\t\t\t\t\t\t\t<a href=\"https:\/\/magiccarpets.at\/de\/kuenstlerresidenzen\/kuenstlerresidenzen-im-aussland\/benjamin-tomasi\">Benjamin Tomasi<\/a>\n\t\t\t\t\t\t\t\t\t\t\t<\/h2>\n\t\t\t\t\n\t\t\t\t\t<div class=\"post-content\"><div class=\"post-content-inner\"><p>Zurzeit nur in englischer Sprache verf\u00fcgbar. \u00a0 &nbsp;  \u00a0 &nbsp;<\/p>\n<\/div><a href=\"https:\/\/magiccarpets.at\/de\/kuenstlerresidenzen\/kuenstlerresidenzen-im-aussland\/benjamin-tomasi\" class=\"more-link\">mehr lesen<\/a><\/div>\t\t\t\n\t\t\t<\/article>\n\t\t\t\t\n\t\t\t<article id=\"post-2522\" class=\"et_pb_post clearfix et_pb_blog_item_0_7 post-2522 post type-post status-publish format-standard has-post-thumbnail hentry category-kuenstlerresidenzen-im-aussland\">\n\n\t\t\t\t<div class=\"et_pb_image_container\"><a href=\"https:\/\/magiccarpets.at\/de\/kuenstlerresidenzen\/kuenstlerresidenzen-im-aussland\/anna-lerchbaumer\" class=\"entry-featured-image-url\"><img loading=\"lazy\" decoding=\"async\" src=\"https:\/\/magiccarpets.at\/wp-content\/uploads\/2020\/09\/AnnaLerchbauer_photo-400x250.jpg\" alt=\"Anna Lerchbaumer\" class=\"\" srcset=\"https:\/\/magiccarpets.at\/wp-content\/uploads\/2020\/09\/AnnaLerchbauer_photo.jpg 479w, https:\/\/magiccarpets.at\/wp-content\/uploads\/2020\/09\/AnnaLerchbauer_photo-400x250.jpg 480w \" sizes=\"(max-width:479px) 479px, 100vw \"  width=\"400\" height=\"250\" \/><\/a><\/div>\n\t\t\t\t\t\t\t\t\t\t\t\t\t\t<h2 class=\"entry-title\">\n\t\t\t\t\t\t\t\t\t\t\t\t\t<a href=\"https:\/\/magiccarpets.at\/de\/kuenstlerresidenzen\/kuenstlerresidenzen-im-aussland\/anna-lerchbaumer\">Anna Lerchbaumer<\/a>\n\t\t\t\t\t\t\t\t\t\t\t<\/h2>\n\t\t\t\t\n\t\t\t\t\t<div class=\"post-content\"><div class=\"post-content-inner\"><p>Anna war eingeladen f\u00fcr die Residency gemeinsam mit dem K\u00fcnstler Andreas Zissler - als Kollektiv ANULLA. Kollektiv ANULLA ist eine Collage aus...<\/p>\n<\/div><a href=\"https:\/\/magiccarpets.at\/de\/kuenstlerresidenzen\/kuenstlerresidenzen-im-aussland\/anna-lerchbaumer\" class=\"more-link\">mehr lesen<\/a><\/div>\t\t\t\n\t\t\t<\/article>\n\t\t\t\t<\/div><div><div class=\"pagination clearfix\">\n\t<div class=\"alignleft\"><\/div>\n\t<div class=\"alignright\"><\/div>\n<\/div><\/div><\/div>\n\t\t\t\t\t<\/div>\n\t\t\t\t\t \n\t\t\t\t<\/div><div class=\"et_pb_with_border et_pb_module et_pb_blog_1 et_blog_grid_equal_height et_pb_blog_grid_wrapper et_pb_bg_layout_light\">\n\t\t\t\t\t<div class=\"et_pb_blog_grid clearfix \">\n\t\t\t\t\t\n\t\t\t\t\t\n\t\t\t\t\t\n\t\t\t\t\t\n\t\t\t\t\t<div class=\"et_pb_ajax_pagination_container\">\n\t\t\t\t\t\t<div class=\"et_pb_salvattore_content\" data-columns>\n\t\t\t<article id=\"post-11751\" class=\"et_pb_post clearfix et_pb_blog_item_1_0 post-11751 post type-post status-publish format-standard has-post-thumbnail hentry category-aktuelles category-kuenstlerresidenzen category-kuenstlerresidenzen-im-aussland category-openspace-innsbruck-de category-projekte\">\n\n\t\t\t\t<div class=\"et_pb_image_container\"><a href=\"https:\/\/magiccarpets.at\/de\/aktuelles\/nicole-weniger-artist-in-residence-in-portugal-exploring-textile-as-shelter-identity-and-waste\" class=\"entry-featured-image-url\"><img loading=\"lazy\" decoding=\"async\" src=\"https:\/\/magiccarpets.at\/wp-content\/uploads\/2025\/08\/70D4F04D-2934-40E7-A24F-22BFCFA27E32-2-400x250.jpg\" alt=\"Nicole Weniger \u2013 Artist-in-Residence in Portugal: Exploring Textile as Shelter, Identity, and Waste\" class=\"\" srcset=\"https:\/\/magiccarpets.at\/wp-content\/uploads\/2025\/08\/70D4F04D-2934-40E7-A24F-22BFCFA27E32-2-scaled.jpg 479w, https:\/\/magiccarpets.at\/wp-content\/uploads\/2025\/08\/70D4F04D-2934-40E7-A24F-22BFCFA27E32-2-400x250.jpg 480w \" sizes=\"(max-width:479px) 479px, 100vw \"  width=\"400\" height=\"250\" \/><\/a><\/div>\n\t\t\t\t\t\t\t\t\t\t\t\t\t\t<h2 class=\"entry-title\">\n\t\t\t\t\t\t\t\t\t\t\t\t\t<a href=\"https:\/\/magiccarpets.at\/de\/aktuelles\/nicole-weniger-artist-in-residence-in-portugal-exploring-textile-as-shelter-identity-and-waste\">Nicole Weniger \u2013 Artist-in-Residence in Portugal: Exploring Textile as Shelter, Identity, and Waste<\/a>\n\t\t\t\t\t\t\t\t\t\t\t<\/h2>\n\t\t\t\t\n\t\t\t\t\t<div class=\"post-content\"><div class=\"post-content-inner\"><p>Nicole Weniger (*1987, Innsbruck) develops an artistic practice at the intersection of photography, installation, and performative gesture. Her work...<\/p>\n<\/div><a href=\"https:\/\/magiccarpets.at\/de\/aktuelles\/nicole-weniger-artist-in-residence-in-portugal-exploring-textile-as-shelter-identity-and-waste\" class=\"more-link\">mehr lesen<\/a><\/div>\t\t\t\n\t\t\t<\/article>\n\t\t\t\t\n\t\t\t<article id=\"post-11758\" class=\"et_pb_post clearfix et_pb_blog_item_1_1 post-11758 post type-post status-publish format-standard has-post-thumbnail hentry category-aktuelles category-kuenstlerresidenzen category-kuenstlerresidenzen-im-aussland category-lokale-kuenstler category-openspace-innsbruck-de category-projekte\">\n\n\t\t\t\t<div class=\"et_pb_image_container\"><a href=\"https:\/\/magiccarpets.at\/de\/aktuelles\/nicole-weniger-artist-in-residence-in-guimaraes-portugal-textilien-als-schutz-identitaet-und-spur\" class=\"entry-featured-image-url\"><img loading=\"lazy\" decoding=\"async\" src=\"https:\/\/magiccarpets.at\/wp-content\/uploads\/2025\/08\/70D4F04D-2934-40E7-A24F-22BFCFA27E32-2-400x250.jpg\" alt=\"Nicole Weniger \u2013 Artist in Residence in Guimar\u00e3es, Portugal: Textilien als Schutz, Identit\u00e4t und Spur\" class=\"\" srcset=\"https:\/\/magiccarpets.at\/wp-content\/uploads\/2025\/08\/70D4F04D-2934-40E7-A24F-22BFCFA27E32-2-scaled.jpg 479w, https:\/\/magiccarpets.at\/wp-content\/uploads\/2025\/08\/70D4F04D-2934-40E7-A24F-22BFCFA27E32-2-400x250.jpg 480w \" sizes=\"(max-width:479px) 479px, 100vw \"  width=\"400\" height=\"250\" \/><\/a><\/div>\n\t\t\t\t\t\t\t\t\t\t\t\t\t\t<h2 class=\"entry-title\">\n\t\t\t\t\t\t\t\t\t\t\t\t\t<a href=\"https:\/\/magiccarpets.at\/de\/aktuelles\/nicole-weniger-artist-in-residence-in-guimaraes-portugal-textilien-als-schutz-identitaet-und-spur\">Nicole Weniger \u2013 Artist in Residence in Guimar\u00e3es, Portugal: Textilien als Schutz, Identit\u00e4t und Spur<\/a>\n\t\t\t\t\t\t\t\t\t\t\t<\/h2>\n\t\t\t\t\n\t\t\t\t\t<div class=\"post-content\"><div class=\"post-content-inner\"><p>Nicole Weniger (*1987, Innsbruck) entwickelt eine k\u00fcnstlerische Praxis an der Schnittstelle von Fotografie, Installation und performativer Geste....<\/p>\n<\/div><a href=\"https:\/\/magiccarpets.at\/de\/aktuelles\/nicole-weniger-artist-in-residence-in-guimaraes-portugal-textilien-als-schutz-identitaet-und-spur\" class=\"more-link\">mehr lesen<\/a><\/div>\t\t\t\n\t\t\t<\/article>\n\t\t\t\t\n\t\t\t<article id=\"post-2439\" class=\"et_pb_post clearfix et_pb_blog_item_1_2 post-2439 post type-post status-publish format-standard has-post-thumbnail hentry category-openspace-innsbruck-de\">\n\n\t\t\t\t<div class=\"et_pb_image_container\"><a href=\"https:\/\/magiccarpets.at\/de\/kuenstlerresidenzen\/openspace-innsbruck-de\/ninutsa-shatbersahvili\" class=\"entry-featured-image-url\"><img loading=\"lazy\" decoding=\"async\" src=\"https:\/\/magiccarpets.at\/wp-content\/uploads\/2020\/09\/NINUTSA-SHATBERASHVILI_01-400x250.jpg\" alt=\"Ninutsa Shatbersahvili\" class=\"\" srcset=\"https:\/\/magiccarpets.at\/wp-content\/uploads\/2020\/09\/NINUTSA-SHATBERASHVILI_01-scaled.jpg 479w, https:\/\/magiccarpets.at\/wp-content\/uploads\/2020\/09\/NINUTSA-SHATBERASHVILI_01-400x250.jpg 480w \" sizes=\"(max-width:479px) 479px, 100vw \"  width=\"400\" height=\"250\" \/><\/a><\/div>\n\t\t\t\t\t\t\t\t\t\t\t\t\t\t<h2 class=\"entry-title\">\n\t\t\t\t\t\t\t\t\t\t\t\t\t<a href=\"https:\/\/magiccarpets.at\/de\/kuenstlerresidenzen\/openspace-innsbruck-de\/ninutsa-shatbersahvili\">Ninutsa Shatbersahvili<\/a>\n\t\t\t\t\t\t\t\t\t\t\t<\/h2>\n\t\t\t\t\n\t\t\t\t\t<div class=\"post-content\"><div class=\"post-content-inner\"><p>Zurzeit nur in englischer Sprache verf\u00fcgbar. &nbsp; <\/p>\n<\/div><a href=\"https:\/\/magiccarpets.at\/de\/kuenstlerresidenzen\/openspace-innsbruck-de\/ninutsa-shatbersahvili\" class=\"more-link\">mehr lesen<\/a><\/div>\t\t\t\n\t\t\t<\/article>\n\t\t\t\t\n\t\t\t<article id=\"post-2435\" class=\"et_pb_post clearfix et_pb_blog_item_1_3 post-2435 post type-post status-publish format-standard has-post-thumbnail hentry category-openspace-innsbruck-de\">\n\n\t\t\t\t<div class=\"et_pb_image_container\"><a href=\"https:\/\/magiccarpets.at\/de\/kuenstlerresidenzen\/openspace-innsbruck-de\/mika-motskobili-de\" class=\"entry-featured-image-url\"><img loading=\"lazy\" decoding=\"async\" src=\"https:\/\/magiccarpets.at\/wp-content\/uploads\/2020\/09\/MMotskobili_square-400x250.jpg\" alt=\"Mika Motskobili\" class=\"\" srcset=\"https:\/\/magiccarpets.at\/wp-content\/uploads\/2020\/09\/MMotskobili_square.jpg 479w, https:\/\/magiccarpets.at\/wp-content\/uploads\/2020\/09\/MMotskobili_square-400x250.jpg 480w \" sizes=\"(max-width:479px) 479px, 100vw \"  width=\"400\" height=\"250\" \/><\/a><\/div>\n\t\t\t\t\t\t\t\t\t\t\t\t\t\t<h2 class=\"entry-title\">\n\t\t\t\t\t\t\t\t\t\t\t\t\t<a href=\"https:\/\/magiccarpets.at\/de\/kuenstlerresidenzen\/openspace-innsbruck-de\/mika-motskobili-de\">Mika Motskobili<\/a>\n\t\t\t\t\t\t\t\t\t\t\t<\/h2>\n\t\t\t\t\n\t\t\t\t\t<div class=\"post-content\"><div class=\"post-content-inner\"><p>Zurzeit nur in englischer Sprache verf\u00fcgbar. &nbsp; <\/p>\n<\/div><a href=\"https:\/\/magiccarpets.at\/de\/kuenstlerresidenzen\/openspace-innsbruck-de\/mika-motskobili-de\" class=\"more-link\">mehr lesen<\/a><\/div>\t\t\t\n\t\t\t<\/article>\n\t\t\t\t\n\t\t\t<article id=\"post-2424\" class=\"et_pb_post clearfix et_pb_blog_item_1_4 post-2424 post type-post status-publish format-standard has-post-thumbnail hentry category-openspace-innsbruck-de\">\n\n\t\t\t\t<div class=\"et_pb_image_container\"><a href=\"https:\/\/magiccarpets.at\/de\/kuenstlerresidenzen\/openspace-innsbruck-de\/nicola-di-croce-latitudo-de\" class=\"entry-featured-image-url\"><img loading=\"lazy\" decoding=\"async\" src=\"https:\/\/magiccarpets.at\/wp-content\/uploads\/2020\/09\/NCroce_square-400x250.jpg\" alt=\"Nicola di Croce\" class=\"\" srcset=\"https:\/\/magiccarpets.at\/wp-content\/uploads\/2020\/09\/NCroce_square.jpg 479w, https:\/\/magiccarpets.at\/wp-content\/uploads\/2020\/09\/NCroce_square-400x250.jpg 480w \" sizes=\"(max-width:479px) 479px, 100vw \"  width=\"400\" height=\"250\" \/><\/a><\/div>\n\t\t\t\t\t\t\t\t\t\t\t\t\t\t<h2 class=\"entry-title\">\n\t\t\t\t\t\t\t\t\t\t\t\t\t<a href=\"https:\/\/magiccarpets.at\/de\/kuenstlerresidenzen\/openspace-innsbruck-de\/nicola-di-croce-latitudo-de\">Nicola di Croce<\/a>\n\t\t\t\t\t\t\t\t\t\t\t<\/h2>\n\t\t\t\t\n\t\t\t\t\t<div class=\"post-content\"><div class=\"post-content-inner\"><p>Latitudo Art Projects, Rom Zurzeit nur in englischer Sprache verf\u00fcgbar. &nbsp; Nicola di Croce was suggested to us by our\u00a0Magic Carpets...<\/p>\n<\/div><a href=\"https:\/\/magiccarpets.at\/de\/kuenstlerresidenzen\/openspace-innsbruck-de\/nicola-di-croce-latitudo-de\" class=\"more-link\">mehr lesen<\/a><\/div>\t\t\t\n\t\t\t<\/article>\n\t\t\t\t\n\t\t\t<article id=\"post-2426\" class=\"et_pb_post clearfix et_pb_blog_item_1_5 post-2426 post type-post status-publish format-standard has-post-thumbnail hentry category-openspace-innsbruck-de\">\n\n\t\t\t\t<div class=\"et_pb_image_container\"><a href=\"https:\/\/magiccarpets.at\/de\/kuenstlerresidenzen\/openspace-innsbruck-de\/daniela-palimariu-de\" class=\"entry-featured-image-url\"><img loading=\"lazy\" decoding=\"async\" src=\"https:\/\/magiccarpets.at\/wp-content\/uploads\/2020\/09\/Daniela_Palimariu_square-400x250.jpg\" alt=\"Daniela Palimariu\" class=\"\" srcset=\"https:\/\/magiccarpets.at\/wp-content\/uploads\/2020\/09\/Daniela_Palimariu_square.jpg 479w, https:\/\/magiccarpets.at\/wp-content\/uploads\/2020\/09\/Daniela_Palimariu_square-400x250.jpg 480w \" sizes=\"(max-width:479px) 479px, 100vw \"  width=\"400\" height=\"250\" \/><\/a><\/div>\n\t\t\t\t\t\t\t\t\t\t\t\t\t\t<h2 class=\"entry-title\">\n\t\t\t\t\t\t\t\t\t\t\t\t\t<a href=\"https:\/\/magiccarpets.at\/de\/kuenstlerresidenzen\/openspace-innsbruck-de\/daniela-palimariu-de\">Daniela Palimariu<\/a>\n\t\t\t\t\t\t\t\t\t\t\t<\/h2>\n\t\t\t\t\n\t\t\t\t\t<div class=\"post-content\"><div class=\"post-content-inner\"><p>Zurzeit nur in englischer Sprache verf\u00fcgbar.<\/p>\n<\/div><a href=\"https:\/\/magiccarpets.at\/de\/kuenstlerresidenzen\/openspace-innsbruck-de\/daniela-palimariu-de\" class=\"more-link\">mehr lesen<\/a><\/div>\t\t\t\n\t\t\t<\/article>\n\t\t\t\t\n\t\t\t<article id=\"post-2430\" class=\"et_pb_post clearfix et_pb_blog_item_1_6 post-2430 post type-post status-publish format-standard has-post-thumbnail hentry category-openspace-innsbruck-de\">\n\n\t\t\t\t<div class=\"et_pb_image_container\"><a href=\"https:\/\/magiccarpets.at\/de\/kuenstlerresidenzen\/openspace-innsbruck-de\/jiri-suchanek\" class=\"entry-featured-image-url\"><img loading=\"lazy\" decoding=\"async\" src=\"https:\/\/magiccarpets.at\/wp-content\/uploads\/2020\/09\/JSuchanek_square-400x250.jpg\" alt=\"Ji\u0159\u00ed Such\u00e1nek\" class=\"\" srcset=\"https:\/\/magiccarpets.at\/wp-content\/uploads\/2020\/09\/JSuchanek_square.jpg 479w, https:\/\/magiccarpets.at\/wp-content\/uploads\/2020\/09\/JSuchanek_square-400x250.jpg 480w \" sizes=\"(max-width:479px) 479px, 100vw \"  width=\"400\" height=\"250\" \/><\/a><\/div>\n\t\t\t\t\t\t\t\t\t\t\t\t\t\t<h2 class=\"entry-title\">\n\t\t\t\t\t\t\t\t\t\t\t\t\t<a href=\"https:\/\/magiccarpets.at\/de\/kuenstlerresidenzen\/openspace-innsbruck-de\/jiri-suchanek\">Ji\u0159\u00ed Such\u00e1nek<\/a>\n\t\t\t\t\t\t\t\t\t\t\t<\/h2>\n\t\t\t\t\n\t\t\t\t\t<div class=\"post-content\"><div class=\"post-content-inner\"><p>Zurzeit nur in englischer Sprache verf\u00fcgbar.<\/p>\n<\/div><a href=\"https:\/\/magiccarpets.at\/de\/kuenstlerresidenzen\/openspace-innsbruck-de\/jiri-suchanek\" class=\"more-link\">mehr lesen<\/a><\/div>\t\t\t\n\t\t\t<\/article>\n\t\t\t\t<\/div><div><div class=\"pagination clearfix\">\n\t<div class=\"alignleft\"><\/div>\n\t<div class=\"alignright\"><\/div>\n<\/div><\/div><\/div>\n\t\t\t\t\t<\/div>\n\t\t\t\t\t \n\t\t\t\t<\/div><\/p>\n","protected":false},"author":2,"featured_media":2062,"parent":0,"menu_order":0,"comment_status":"closed","ping_status":"closed","template":"","meta":{"_acf_changed":false,"_et_pb_use_builder":"on","_et_pb_old_content":"","_et_gb_content_width":"","inline_featured_image":false,"footnotes":""},"class_list":["post-4228","page","type-page","status-publish","has-post-thumbnail","hentry"],"acf":[],"_links":{"self":[{"href":"https:\/\/magiccarpets.at\/de\/wp-json\/wp\/v2\/pages\/4228","targetHints":{"allow":["GET"]}}],"collection":[{"href":"https:\/\/magiccarpets.at\/de\/wp-json\/wp\/v2\/pages"}],"about":[{"href":"https:\/\/magiccarpets.at\/de\/wp-json\/wp\/v2\/types\/page"}],"author":[{"embeddable":true,"href":"https:\/\/magiccarpets.at\/de\/wp-json\/wp\/v2\/users\/2"}],"replies":[{"embeddable":true,"href":"https:\/\/magiccarpets.at\/de\/wp-json\/wp\/v2\/comments?post=4228"}],"version-history":[{"count":0,"href":"https:\/\/magiccarpets.at\/de\/wp-json\/wp\/v2\/pages\/4228\/revisions"}],"wp:featuredmedia":[{"embeddable":true,"href":"https:\/\/magiccarpets.at\/de\/wp-json\/wp\/v2\/media\/2062"}],"wp:attachment":[{"href":"https:\/\/magiccarpets.at\/de\/wp-json\/wp\/v2\/media?parent=4228"}],"curies":[{"name":"wp","href":"https:\/\/api.w.org\/{rel}","templated":true}]}}